{"id":13244,"date":"2022-05-05T11:53:38","date_gmt":"2022-05-05T09:53:38","guid":{"rendered":"http:\/\/www.bodegassanesteban.com\/?post_type=product&#038;p=13244"},"modified":"2025-06-04T11:07:44","modified_gmt":"2025-06-04T09:07:44","slug":"blanco-fermentado-en-barrica","status":"publish","type":"product","link":"https:\/\/www.bodegassanesteban.com\/en\/producto\/blanco-fermentado-en-barrica\/","title":{"rendered":"BLANCO Fermentado en Barrica"},"content":{"rendered":"<p>Blanco Fermentado en Barrica. Procedentes de vi\u00f1edos muy viejos, donde se plantaban variedades tintas y blancas mezcladas, entresacamos las uvas blancas de Viura. El mosto es fermentado a temperatura controlada en barricas de 225 de roble franc\u00e9s. Seis meses de permanencia con sus l\u00edas y otros seis meses de reposo en dep\u00f3sito. Acaba su afinado con al menos un a\u00f1o de botella antes de salir al mercado.<\/p>\n<p>&nbsp;<\/p>\n<p class=\"eltdf-tab-title\">-INGREDIENTES E INFORMACI\u00d3N NUTRICIONAL:<\/p>\n<p><img loading=\"lazy\" decoding=\"async\" class=\"wp-image-14503 alignleft\" src=\"https:\/\/www.bodegassanesteban.com\/wp-content\/uploads\/2025\/06\/08437011903235_QR-V0.-FERMENTADO-EN-BARRICA-TDM.png\" alt=\"\" width=\"67\" height=\"67\" \/><\/p>\n","protected":false},"excerpt":{"rendered":"<p>Si quieres <strong>comprar vino blanco online al mejor precio <\/strong>aqu\u00ed tienes nuestra botella de 75 cl de Blanco Fermentado en Barrica.<\/p>\n<p><strong>Tierras de Murillo Fermentado en Barrica<\/strong> es tu elecci\u00f3n, cuando quieras descubrir que la sutileza es capaz de activar todos los sentidos y disfrutar de esos momentos de cata solo o en la mejor de las compa\u00f1\u00edas.<\/p>\n<p>&nbsp;<\/p>\n","protected":false},"featured_media":13314,"comment_status":"open","ping_status":"closed","template":"","meta":[],"product_brand":[],"product_cat":[483,419],"product_tag":[486],"mwb_booking_cost":[],"mwb_booking_service":[],"class_list":{"0":"post-13244","1":"product","2":"type-product","3":"status-publish","4":"has-post-thumbnail","6":"product_cat-fermentado-en-barrica","7":"product_cat-varietales-maduros","8":"product_tag-varietales-maduros","10":"first","11":"instock","12":"purchasable","13":"product-type-simple"},"yoast_head":"<!-- This site is optimized with the Yoast SEO plugin v27.1.1 - https:\/\/yoast.com\/product\/yoast-seo-wordpress\/ -->\n<title>BLANCO Fermentado en Barrica | Bodegas Tierras De Murillo<\/title>\n<meta name=\"robots\" content=\"index, follow, max-snippet:-1, max-image-preview:large, max-video-preview:-1\" \/>\n<link rel=\"canonical\" href=\"https:\/\/www.bodegassanesteban.com\/producto\/blanco-fermentado-en-barrica\/\" \/>\n<meta property=\"og:locale\" content=\"en_US\" \/>\n<meta property=\"og:type\" content=\"article\" \/>\n<meta property=\"og:title\" content=\"BLANCO Fermentado en Barrica | Bodegas Tierras De Murillo\" \/>\n<meta property=\"og:description\" content=\"Si quieres comprar vino blanco online al mejor precio aqu\u00ed tienes nuestra botella de 75 cl de Blanco Fermentado en Barrica.  Tierras de Murillo Fermentado en Barrica es tu elecci\u00f3n, cuando quieras descubrir que la sutileza es capaz de activar todos los sentidos y disfrutar de esos momentos de cata solo o en la mejor de las compa\u00f1\u00edas.  &nbsp;\" \/>\n<meta property=\"og:url\" content=\"https:\/\/www.bodegassanesteban.com\/producto\/blanco-fermentado-en-barrica\/\" \/>\n<meta property=\"og:site_name\" content=\"Bodegas Tierras De Murillo\" \/>\n<meta property=\"article:publisher\" content=\"https:\/\/www.facebook.com\/BodegasTierrasDeMurillo\/\" \/>\n<meta property=\"article:modified_time\" content=\"2025-06-04T09:07:44+00:00\" \/>\n<meta property=\"og:image\" content=\"https:\/\/www.bodegassanesteban.com\/wp-content\/uploads\/2022\/05\/fermentado-en-barrica.jpg\" \/>\n\t<meta property=\"og:image:width\" content=\"1000\" \/>\n\t<meta property=\"og:image:height\" content=\"1123\" \/>\n\t<meta property=\"og:image:type\" content=\"image\/jpeg\" \/>\n<meta name=\"twitter:card\" content=\"summary_large_image\" \/>\n<meta name=\"twitter:label1\" content=\"Est. reading time\" \/>\n\t<meta name=\"twitter:data1\" content=\"1 minute\" \/>\n<script type=\"application\/ld+json\" class=\"yoast-schema-graph\">{\"@context\":\"https:\/\/schema.org\",\"@graph\":[{\"@type\":\"WebPage\",\"@id\":\"https:\/\/www.bodegassanesteban.com\/producto\/blanco-fermentado-en-barrica\/\",\"url\":\"https:\/\/www.bodegassanesteban.com\/producto\/blanco-fermentado-en-barrica\/\",\"name\":\"BLANCO Fermentado en Barrica | Bodegas Tierras De Murillo\",\"isPartOf\":{\"@id\":\"https:\/\/www.bodegassanesteban.com\/#website\"},\"primaryImageOfPage\":{\"@id\":\"https:\/\/www.bodegassanesteban.com\/producto\/blanco-fermentado-en-barrica\/#primaryimage\"},\"image\":{\"@id\":\"https:\/\/www.bodegassanesteban.com\/producto\/blanco-fermentado-en-barrica\/#primaryimage\"},\"thumbnailUrl\":\"https:\/\/www.bodegassanesteban.com\/wp-content\/uploads\/2022\/05\/fermentado-en-barrica.jpg\",\"datePublished\":\"2022-05-05T09:53:38+00:00\",\"dateModified\":\"2025-06-04T09:07:44+00:00\",\"breadcrumb\":{\"@id\":\"https:\/\/www.bodegassanesteban.com\/producto\/blanco-fermentado-en-barrica\/#breadcrumb\"},\"inLanguage\":\"en-US\",\"potentialAction\":[{\"@type\":\"ReadAction\",\"target\":[\"https:\/\/www.bodegassanesteban.com\/producto\/blanco-fermentado-en-barrica\/\"]}]},{\"@type\":\"ImageObject\",\"inLanguage\":\"en-US\",\"@id\":\"https:\/\/www.bodegassanesteban.com\/producto\/blanco-fermentado-en-barrica\/#primaryimage\",\"url\":\"https:\/\/www.bodegassanesteban.com\/wp-content\/uploads\/2022\/05\/fermentado-en-barrica.jpg\",\"contentUrl\":\"https:\/\/www.bodegassanesteban.com\/wp-content\/uploads\/2022\/05\/fermentado-en-barrica.jpg\",\"width\":1000,\"height\":1123,\"caption\":\"Bodegas San Esteban | Blanco Fermentado en Barrica | Tierras de Murillo\"},{\"@type\":\"BreadcrumbList\",\"@id\":\"https:\/\/www.bodegassanesteban.com\/producto\/blanco-fermentado-en-barrica\/#breadcrumb\",\"itemListElement\":[{\"@type\":\"ListItem\",\"position\":1,\"name\":\"Portada\",\"item\":\"https:\/\/www.bodegassanesteban.com\/en\/\"},{\"@type\":\"ListItem\",\"position\":2,\"name\":\"Tienda y Experiencias\",\"item\":\"https:\/\/www.bodegassanesteban.com\/tienda\/\"},{\"@type\":\"ListItem\",\"position\":3,\"name\":\"BLANCO Fermentado en Barrica\"}]},{\"@type\":\"WebSite\",\"@id\":\"https:\/\/www.bodegassanesteban.com\/#website\",\"url\":\"https:\/\/www.bodegassanesteban.com\/\",\"name\":\"Bodegas San Esteban\",\"description\":\"Vinos De Rioja\",\"publisher\":{\"@id\":\"https:\/\/www.bodegassanesteban.com\/#organization\"},\"potentialAction\":[{\"@type\":\"SearchAction\",\"target\":{\"@type\":\"EntryPoint\",\"urlTemplate\":\"https:\/\/www.bodegassanesteban.com\/?s={search_term_string}\"},\"query-input\":{\"@type\":\"PropertyValueSpecification\",\"valueRequired\":true,\"valueName\":\"search_term_string\"}}],\"inLanguage\":\"en-US\"},{\"@type\":\"Organization\",\"@id\":\"https:\/\/www.bodegassanesteban.com\/#organization\",\"name\":\"Bodegas San Esteban\",\"url\":\"https:\/\/www.bodegassanesteban.com\/\",\"logo\":{\"@type\":\"ImageObject\",\"inLanguage\":\"en-US\",\"@id\":\"https:\/\/www.bodegassanesteban.com\/#\/schema\/logo\/image\/\",\"url\":\"https:\/\/www.bodegassanesteban.com\/wp-content\/uploads\/2024\/11\/logo-woo.png\",\"contentUrl\":\"https:\/\/www.bodegassanesteban.com\/wp-content\/uploads\/2024\/11\/logo-woo.png\",\"width\":400,\"height\":203,\"caption\":\"Bodegas San Esteban\"},\"image\":{\"@id\":\"https:\/\/www.bodegassanesteban.com\/#\/schema\/logo\/image\/\"},\"sameAs\":[\"https:\/\/www.facebook.com\/BodegasTierrasDeMurillo\/\"]}]}<\/script>\n<!-- \/ Yoast SEO plugin. -->","yoast_head_json":{"title":"BLANCO Fermentado en Barrica | Bodegas Tierras De Murillo","robots":{"index":"index","follow":"follow","max-snippet":"max-snippet:-1","max-image-preview":"max-image-preview:large","max-video-preview":"max-video-preview:-1"},"canonical":"https:\/\/www.bodegassanesteban.com\/producto\/blanco-fermentado-en-barrica\/","og_locale":"en_US","og_type":"article","og_title":"BLANCO Fermentado en Barrica | Bodegas Tierras De Murillo","og_description":"Si quieres comprar vino blanco online al mejor precio aqu\u00ed tienes nuestra botella de 75 cl de Blanco Fermentado en Barrica.  Tierras de Murillo Fermentado en Barrica es tu elecci\u00f3n, cuando quieras descubrir que la sutileza es capaz de activar todos los sentidos y disfrutar de esos momentos de cata solo o en la mejor de las compa\u00f1\u00edas.  &nbsp;","og_url":"https:\/\/www.bodegassanesteban.com\/producto\/blanco-fermentado-en-barrica\/","og_site_name":"Bodegas Tierras De Murillo","article_publisher":"https:\/\/www.facebook.com\/BodegasTierrasDeMurillo\/","article_modified_time":"2025-06-04T09:07:44+00:00","og_image":[{"width":1000,"height":1123,"url":"https:\/\/www.bodegassanesteban.com\/wp-content\/uploads\/2022\/05\/fermentado-en-barrica.jpg","type":"image\/jpeg"}],"twitter_card":"summary_large_image","twitter_misc":{"Est. reading time":"1 minute"},"schema":{"@context":"https:\/\/schema.org","@graph":[{"@type":"WebPage","@id":"https:\/\/www.bodegassanesteban.com\/producto\/blanco-fermentado-en-barrica\/","url":"https:\/\/www.bodegassanesteban.com\/producto\/blanco-fermentado-en-barrica\/","name":"BLANCO Fermentado en Barrica | Bodegas Tierras De Murillo","isPartOf":{"@id":"https:\/\/www.bodegassanesteban.com\/#website"},"primaryImageOfPage":{"@id":"https:\/\/www.bodegassanesteban.com\/producto\/blanco-fermentado-en-barrica\/#primaryimage"},"image":{"@id":"https:\/\/www.bodegassanesteban.com\/producto\/blanco-fermentado-en-barrica\/#primaryimage"},"thumbnailUrl":"https:\/\/www.bodegassanesteban.com\/wp-content\/uploads\/2022\/05\/fermentado-en-barrica.jpg","datePublished":"2022-05-05T09:53:38+00:00","dateModified":"2025-06-04T09:07:44+00:00","breadcrumb":{"@id":"https:\/\/www.bodegassanesteban.com\/producto\/blanco-fermentado-en-barrica\/#breadcrumb"},"inLanguage":"en-US","potentialAction":[{"@type":"ReadAction","target":["https:\/\/www.bodegassanesteban.com\/producto\/blanco-fermentado-en-barrica\/"]}]},{"@type":"ImageObject","inLanguage":"en-US","@id":"https:\/\/www.bodegassanesteban.com\/producto\/blanco-fermentado-en-barrica\/#primaryimage","url":"https:\/\/www.bodegassanesteban.com\/wp-content\/uploads\/2022\/05\/fermentado-en-barrica.jpg","contentUrl":"https:\/\/www.bodegassanesteban.com\/wp-content\/uploads\/2022\/05\/fermentado-en-barrica.jpg","width":1000,"height":1123,"caption":"Bodegas San Esteban | Blanco Fermentado en Barrica | Tierras de Murillo"},{"@type":"BreadcrumbList","@id":"https:\/\/www.bodegassanesteban.com\/producto\/blanco-fermentado-en-barrica\/#breadcrumb","itemListElement":[{"@type":"ListItem","position":1,"name":"Portada","item":"https:\/\/www.bodegassanesteban.com\/en\/"},{"@type":"ListItem","position":2,"name":"Tienda y Experiencias","item":"https:\/\/www.bodegassanesteban.com\/tienda\/"},{"@type":"ListItem","position":3,"name":"BLANCO Fermentado en Barrica"}]},{"@type":"WebSite","@id":"https:\/\/www.bodegassanesteban.com\/#website","url":"https:\/\/www.bodegassanesteban.com\/","name":"Bodegas San Esteban","description":"Vinos De Rioja","publisher":{"@id":"https:\/\/www.bodegassanesteban.com\/#organization"},"potentialAction":[{"@type":"SearchAction","target":{"@type":"EntryPoint","urlTemplate":"https:\/\/www.bodegassanesteban.com\/?s={search_term_string}"},"query-input":{"@type":"PropertyValueSpecification","valueRequired":true,"valueName":"search_term_string"}}],"inLanguage":"en-US"},{"@type":"Organization","@id":"https:\/\/www.bodegassanesteban.com\/#organization","name":"Bodegas San Esteban","url":"https:\/\/www.bodegassanesteban.com\/","logo":{"@type":"ImageObject","inLanguage":"en-US","@id":"https:\/\/www.bodegassanesteban.com\/#\/schema\/logo\/image\/","url":"https:\/\/www.bodegassanesteban.com\/wp-content\/uploads\/2024\/11\/logo-woo.png","contentUrl":"https:\/\/www.bodegassanesteban.com\/wp-content\/uploads\/2024\/11\/logo-woo.png","width":400,"height":203,"caption":"Bodegas San Esteban"},"image":{"@id":"https:\/\/www.bodegassanesteban.com\/#\/schema\/logo\/image\/"},"sameAs":["https:\/\/www.facebook.com\/BodegasTierrasDeMurillo\/"]}]}},"jetpack_sharing_enabled":true,"_links":{"self":[{"href":"https:\/\/www.bodegassanesteban.com\/en\/wp-json\/wp\/v2\/product\/13244","targetHints":{"allow":["GET"]}}],"collection":[{"href":"https:\/\/www.bodegassanesteban.com\/en\/wp-json\/wp\/v2\/product"}],"about":[{"href":"https:\/\/www.bodegassanesteban.com\/en\/wp-json\/wp\/v2\/types\/product"}],"replies":[{"embeddable":true,"href":"https:\/\/www.bodegassanesteban.com\/en\/wp-json\/wp\/v2\/comments?post=13244"}],"wp:featuredmedia":[{"embeddable":true,"href":"https:\/\/www.bodegassanesteban.com\/en\/wp-json\/wp\/v2\/media\/13314"}],"wp:attachment":[{"href":"https:\/\/www.bodegassanesteban.com\/en\/wp-json\/wp\/v2\/media?parent=13244"}],"wp:term":[{"taxonomy":"product_brand","embeddable":true,"href":"https:\/\/www.bodegassanesteban.com\/en\/wp-json\/wp\/v2\/product_brand?post=13244"},{"taxonomy":"product_cat","embeddable":true,"href":"https:\/\/www.bodegassanesteban.com\/en\/wp-json\/wp\/v2\/product_cat?post=13244"},{"taxonomy":"product_tag","embeddable":true,"href":"https:\/\/www.bodegassanesteban.com\/en\/wp-json\/wp\/v2\/product_tag?post=13244"},{"taxonomy":"mwb_booking_cost","embeddable":true,"href":"https:\/\/www.bodegassanesteban.com\/en\/wp-json\/wp\/v2\/mwb_booking_cost?post=13244"},{"taxonomy":"mwb_booking_service","embeddable":true,"href":"https:\/\/www.bodegassanesteban.com\/en\/wp-json\/wp\/v2\/mwb_booking_service?post=13244"}],"curies":[{"name":"wp","href":"https:\/\/api.w.org\/{rel}","templated":true}]}}