{"id":13250,"date":"2022-05-05T12:04:52","date_gmt":"2022-05-05T10:04:52","guid":{"rendered":"http:\/\/www.bodegassanesteban.com\/?post_type=product&#038;p=13250"},"modified":"2025-06-04T11:07:12","modified_gmt":"2025-06-04T09:07:12","slug":"gran-reserva","status":"publish","type":"product","link":"https:\/\/www.bodegassanesteban.com\/en\/producto\/gran-reserva\/","title":{"rendered":"GRAN RESERVA"},"content":{"rendered":"<p><strong>Tierras de Murillo Gran Reserva<\/strong>. Procedentes de vi\u00f1edos de Viura muy viejos plantados en la zonas m\u00e1s altas de los valles, donde la maduraci\u00f3n es lenta y sana. El mosto es fermentado en dep\u00f3sito de inoxidable a temperatura controlada. Seis meses de permanencia con sus l\u00edas en barrica y otros 2 a\u00f1os de crianza. Acaba su afinado en botella, donde ha permanecido m\u00e1s de 5 a\u00f1os antes de salir al mercado.<\/p>\n<p>&nbsp;<\/p>\n<p class=\"eltdf-tab-title\">-INGREDIENTES E INFORMACI\u00d3N NUTRICIONAL:<\/p>\n<p><img loading=\"lazy\" decoding=\"async\" class=\"wp-image-14503 alignleft\" src=\"https:\/\/www.bodegassanesteban.com\/wp-content\/uploads\/2025\/06\/08437011903334_QR-V0.-BLANCO-GRAN-RESERVA-TIERRAS-DE-MURILLO.png\" alt=\"\" width=\"67\" height=\"67\" \/><\/p>\n","protected":false},"excerpt":{"rendered":"<p>Si quieres <strong>comprar vino blanco online al mejor precio <\/strong>aqu\u00ed tienes nuestra botella de 75 cl. <strong>Tierras De Murillo Gran Reserva<\/strong>. Tu elecci\u00f3n, cuando quieras disfrutar de un elegante blanco fino de Rioja, sorbo a sorbo. Un momento solo para ti y tu disfrute.<\/p>\n<p>&nbsp;<\/p>\n<p>&nbsp;<\/p>\n","protected":false},"featured_media":13251,"comment_status":"open","ping_status":"closed","template":"","meta":[],"product_brand":[],"product_cat":[484,472],"product_tag":[488],"mwb_booking_cost":[],"mwb_booking_service":[],"class_list":{"0":"post-13250","1":"product","2":"type-product","3":"status-publish","4":"has-post-thumbnail","6":"product_cat-del-enologo","7":"product_cat-gran-reserva-blanco","8":"product_tag-vinos-del-enologo","10":"first","11":"instock","12":"purchasable","13":"product-type-simple"},"yoast_head":"<!-- This site is optimized with the Yoast SEO plugin v27.1.1 - https:\/\/yoast.com\/product\/yoast-seo-wordpress\/ -->\n<title>GRAN RESERVA | Bodegas Tierras De Murillo<\/title>\n<meta name=\"robots\" content=\"index, follow, max-snippet:-1, max-image-preview:large, max-video-preview:-1\" \/>\n<link rel=\"canonical\" href=\"https:\/\/www.bodegassanesteban.com\/producto\/gran-reserva\/\" \/>\n<meta property=\"og:locale\" content=\"en_US\" \/>\n<meta property=\"og:type\" content=\"article\" \/>\n<meta property=\"og:title\" content=\"GRAN RESERVA | Bodegas Tierras De Murillo\" \/>\n<meta property=\"og:description\" content=\"Si quieres comprar vino blanco online al mejor precio aqu\u00ed tienes nuestra botella de 75 cl. Tierras De Murillo Gran Reserva. Tu elecci\u00f3n, cuando quieras disfrutar de un elegante blanco fino de Rioja, sorbo a sorbo. Un momento solo para ti y tu disfrute.  &nbsp;  &nbsp;\" \/>\n<meta property=\"og:url\" content=\"https:\/\/www.bodegassanesteban.com\/producto\/gran-reserva\/\" \/>\n<meta property=\"og:site_name\" content=\"Bodegas Tierras De Murillo\" \/>\n<meta property=\"article:publisher\" content=\"https:\/\/www.facebook.com\/BodegasTierrasDeMurillo\/\" \/>\n<meta property=\"article:modified_time\" content=\"2025-06-04T09:07:12+00:00\" \/>\n<meta property=\"og:image\" content=\"https:\/\/www.bodegassanesteban.com\/wp-content\/uploads\/2022\/05\/gran-reserva.jpg\" \/>\n\t<meta property=\"og:image:width\" content=\"1000\" \/>\n\t<meta property=\"og:image:height\" content=\"1123\" \/>\n\t<meta property=\"og:image:type\" content=\"image\/jpeg\" \/>\n<meta name=\"twitter:card\" content=\"summary_large_image\" \/>\n<meta name=\"twitter:label1\" content=\"Est. reading time\" \/>\n\t<meta name=\"twitter:data1\" content=\"1 minute\" \/>\n<script type=\"application\/ld+json\" class=\"yoast-schema-graph\">{\"@context\":\"https:\/\/schema.org\",\"@graph\":[{\"@type\":\"WebPage\",\"@id\":\"https:\/\/www.bodegassanesteban.com\/producto\/gran-reserva\/\",\"url\":\"https:\/\/www.bodegassanesteban.com\/producto\/gran-reserva\/\",\"name\":\"GRAN RESERVA | Bodegas Tierras De Murillo\",\"isPartOf\":{\"@id\":\"https:\/\/www.bodegassanesteban.com\/#website\"},\"primaryImageOfPage\":{\"@id\":\"https:\/\/www.bodegassanesteban.com\/producto\/gran-reserva\/#primaryimage\"},\"image\":{\"@id\":\"https:\/\/www.bodegassanesteban.com\/producto\/gran-reserva\/#primaryimage\"},\"thumbnailUrl\":\"https:\/\/www.bodegassanesteban.com\/wp-content\/uploads\/2022\/05\/gran-reserva.jpg\",\"datePublished\":\"2022-05-05T10:04:52+00:00\",\"dateModified\":\"2025-06-04T09:07:12+00:00\",\"breadcrumb\":{\"@id\":\"https:\/\/www.bodegassanesteban.com\/producto\/gran-reserva\/#breadcrumb\"},\"inLanguage\":\"en-US\",\"potentialAction\":[{\"@type\":\"ReadAction\",\"target\":[\"https:\/\/www.bodegassanesteban.com\/producto\/gran-reserva\/\"]}]},{\"@type\":\"ImageObject\",\"inLanguage\":\"en-US\",\"@id\":\"https:\/\/www.bodegassanesteban.com\/producto\/gran-reserva\/#primaryimage\",\"url\":\"https:\/\/www.bodegassanesteban.com\/wp-content\/uploads\/2022\/05\/gran-reserva.jpg\",\"contentUrl\":\"https:\/\/www.bodegassanesteban.com\/wp-content\/uploads\/2022\/05\/gran-reserva.jpg\",\"width\":1000,\"height\":1123,\"caption\":\"Bodegas San Esteban | Gran Reserva | Tierras de Murillo\"},{\"@type\":\"BreadcrumbList\",\"@id\":\"https:\/\/www.bodegassanesteban.com\/producto\/gran-reserva\/#breadcrumb\",\"itemListElement\":[{\"@type\":\"ListItem\",\"position\":1,\"name\":\"Portada\",\"item\":\"https:\/\/www.bodegassanesteban.com\/en\/\"},{\"@type\":\"ListItem\",\"position\":2,\"name\":\"Tienda y Experiencias\",\"item\":\"https:\/\/www.bodegassanesteban.com\/tienda\/\"},{\"@type\":\"ListItem\",\"position\":3,\"name\":\"GRAN RESERVA\"}]},{\"@type\":\"WebSite\",\"@id\":\"https:\/\/www.bodegassanesteban.com\/#website\",\"url\":\"https:\/\/www.bodegassanesteban.com\/\",\"name\":\"Bodegas San Esteban\",\"description\":\"Vinos De Rioja\",\"publisher\":{\"@id\":\"https:\/\/www.bodegassanesteban.com\/#organization\"},\"potentialAction\":[{\"@type\":\"SearchAction\",\"target\":{\"@type\":\"EntryPoint\",\"urlTemplate\":\"https:\/\/www.bodegassanesteban.com\/?s={search_term_string}\"},\"query-input\":{\"@type\":\"PropertyValueSpecification\",\"valueRequired\":true,\"valueName\":\"search_term_string\"}}],\"inLanguage\":\"en-US\"},{\"@type\":\"Organization\",\"@id\":\"https:\/\/www.bodegassanesteban.com\/#organization\",\"name\":\"Bodegas San Esteban\",\"url\":\"https:\/\/www.bodegassanesteban.com\/\",\"logo\":{\"@type\":\"ImageObject\",\"inLanguage\":\"en-US\",\"@id\":\"https:\/\/www.bodegassanesteban.com\/#\/schema\/logo\/image\/\",\"url\":\"https:\/\/www.bodegassanesteban.com\/wp-content\/uploads\/2024\/11\/logo-woo.png\",\"contentUrl\":\"https:\/\/www.bodegassanesteban.com\/wp-content\/uploads\/2024\/11\/logo-woo.png\",\"width\":400,\"height\":203,\"caption\":\"Bodegas San Esteban\"},\"image\":{\"@id\":\"https:\/\/www.bodegassanesteban.com\/#\/schema\/logo\/image\/\"},\"sameAs\":[\"https:\/\/www.facebook.com\/BodegasTierrasDeMurillo\/\"]}]}<\/script>\n<!-- \/ Yoast SEO plugin. -->","yoast_head_json":{"title":"GRAN RESERVA | Bodegas Tierras De Murillo","robots":{"index":"index","follow":"follow","max-snippet":"max-snippet:-1","max-image-preview":"max-image-preview:large","max-video-preview":"max-video-preview:-1"},"canonical":"https:\/\/www.bodegassanesteban.com\/producto\/gran-reserva\/","og_locale":"en_US","og_type":"article","og_title":"GRAN RESERVA | Bodegas Tierras De Murillo","og_description":"Si quieres comprar vino blanco online al mejor precio aqu\u00ed tienes nuestra botella de 75 cl. Tierras De Murillo Gran Reserva. Tu elecci\u00f3n, cuando quieras disfrutar de un elegante blanco fino de Rioja, sorbo a sorbo. Un momento solo para ti y tu disfrute.  &nbsp;  &nbsp;","og_url":"https:\/\/www.bodegassanesteban.com\/producto\/gran-reserva\/","og_site_name":"Bodegas Tierras De Murillo","article_publisher":"https:\/\/www.facebook.com\/BodegasTierrasDeMurillo\/","article_modified_time":"2025-06-04T09:07:12+00:00","og_image":[{"width":1000,"height":1123,"url":"https:\/\/www.bodegassanesteban.com\/wp-content\/uploads\/2022\/05\/gran-reserva.jpg","type":"image\/jpeg"}],"twitter_card":"summary_large_image","twitter_misc":{"Est. reading time":"1 minute"},"schema":{"@context":"https:\/\/schema.org","@graph":[{"@type":"WebPage","@id":"https:\/\/www.bodegassanesteban.com\/producto\/gran-reserva\/","url":"https:\/\/www.bodegassanesteban.com\/producto\/gran-reserva\/","name":"GRAN RESERVA | Bodegas Tierras De Murillo","isPartOf":{"@id":"https:\/\/www.bodegassanesteban.com\/#website"},"primaryImageOfPage":{"@id":"https:\/\/www.bodegassanesteban.com\/producto\/gran-reserva\/#primaryimage"},"image":{"@id":"https:\/\/www.bodegassanesteban.com\/producto\/gran-reserva\/#primaryimage"},"thumbnailUrl":"https:\/\/www.bodegassanesteban.com\/wp-content\/uploads\/2022\/05\/gran-reserva.jpg","datePublished":"2022-05-05T10:04:52+00:00","dateModified":"2025-06-04T09:07:12+00:00","breadcrumb":{"@id":"https:\/\/www.bodegassanesteban.com\/producto\/gran-reserva\/#breadcrumb"},"inLanguage":"en-US","potentialAction":[{"@type":"ReadAction","target":["https:\/\/www.bodegassanesteban.com\/producto\/gran-reserva\/"]}]},{"@type":"ImageObject","inLanguage":"en-US","@id":"https:\/\/www.bodegassanesteban.com\/producto\/gran-reserva\/#primaryimage","url":"https:\/\/www.bodegassanesteban.com\/wp-content\/uploads\/2022\/05\/gran-reserva.jpg","contentUrl":"https:\/\/www.bodegassanesteban.com\/wp-content\/uploads\/2022\/05\/gran-reserva.jpg","width":1000,"height":1123,"caption":"Bodegas San Esteban | Gran Reserva | Tierras de Murillo"},{"@type":"BreadcrumbList","@id":"https:\/\/www.bodegassanesteban.com\/producto\/gran-reserva\/#breadcrumb","itemListElement":[{"@type":"ListItem","position":1,"name":"Portada","item":"https:\/\/www.bodegassanesteban.com\/en\/"},{"@type":"ListItem","position":2,"name":"Tienda y Experiencias","item":"https:\/\/www.bodegassanesteban.com\/tienda\/"},{"@type":"ListItem","position":3,"name":"GRAN RESERVA"}]},{"@type":"WebSite","@id":"https:\/\/www.bodegassanesteban.com\/#website","url":"https:\/\/www.bodegassanesteban.com\/","name":"Bodegas San Esteban","description":"Vinos De Rioja","publisher":{"@id":"https:\/\/www.bodegassanesteban.com\/#organization"},"potentialAction":[{"@type":"SearchAction","target":{"@type":"EntryPoint","urlTemplate":"https:\/\/www.bodegassanesteban.com\/?s={search_term_string}"},"query-input":{"@type":"PropertyValueSpecification","valueRequired":true,"valueName":"search_term_string"}}],"inLanguage":"en-US"},{"@type":"Organization","@id":"https:\/\/www.bodegassanesteban.com\/#organization","name":"Bodegas San Esteban","url":"https:\/\/www.bodegassanesteban.com\/","logo":{"@type":"ImageObject","inLanguage":"en-US","@id":"https:\/\/www.bodegassanesteban.com\/#\/schema\/logo\/image\/","url":"https:\/\/www.bodegassanesteban.com\/wp-content\/uploads\/2024\/11\/logo-woo.png","contentUrl":"https:\/\/www.bodegassanesteban.com\/wp-content\/uploads\/2024\/11\/logo-woo.png","width":400,"height":203,"caption":"Bodegas San Esteban"},"image":{"@id":"https:\/\/www.bodegassanesteban.com\/#\/schema\/logo\/image\/"},"sameAs":["https:\/\/www.facebook.com\/BodegasTierrasDeMurillo\/"]}]}},"jetpack_sharing_enabled":true,"_links":{"self":[{"href":"https:\/\/www.bodegassanesteban.com\/en\/wp-json\/wp\/v2\/product\/13250","targetHints":{"allow":["GET"]}}],"collection":[{"href":"https:\/\/www.bodegassanesteban.com\/en\/wp-json\/wp\/v2\/product"}],"about":[{"href":"https:\/\/www.bodegassanesteban.com\/en\/wp-json\/wp\/v2\/types\/product"}],"replies":[{"embeddable":true,"href":"https:\/\/www.bodegassanesteban.com\/en\/wp-json\/wp\/v2\/comments?post=13250"}],"wp:featuredmedia":[{"embeddable":true,"href":"https:\/\/www.bodegassanesteban.com\/en\/wp-json\/wp\/v2\/media\/13251"}],"wp:attachment":[{"href":"https:\/\/www.bodegassanesteban.com\/en\/wp-json\/wp\/v2\/media?parent=13250"}],"wp:term":[{"taxonomy":"product_brand","embeddable":true,"href":"https:\/\/www.bodegassanesteban.com\/en\/wp-json\/wp\/v2\/product_brand?post=13250"},{"taxonomy":"product_cat","embeddable":true,"href":"https:\/\/www.bodegassanesteban.com\/en\/wp-json\/wp\/v2\/product_cat?post=13250"},{"taxonomy":"product_tag","embeddable":true,"href":"https:\/\/www.bodegassanesteban.com\/en\/wp-json\/wp\/v2\/product_tag?post=13250"},{"taxonomy":"mwb_booking_cost","embeddable":true,"href":"https:\/\/www.bodegassanesteban.com\/en\/wp-json\/wp\/v2\/mwb_booking_cost?post=13250"},{"taxonomy":"mwb_booking_service","embeddable":true,"href":"https:\/\/www.bodegassanesteban.com\/en\/wp-json\/wp\/v2\/mwb_booking_service?post=13250"}],"curies":[{"name":"wp","href":"https:\/\/api.w.org\/{rel}","templated":true}]}}