{"id":13269,"date":"2022-05-05T12:51:12","date_gmt":"2022-05-05T10:51:12","guid":{"rendered":"http:\/\/www.bodegassanesteban.com\/?post_type=product&#038;p=13269"},"modified":"2025-06-04T10:06:16","modified_gmt":"2025-06-04T08:06:16","slug":"kairos-blanco","status":"publish","type":"product","link":"https:\/\/www.bodegassanesteban.com\/en\/producto\/kairos-blanco\/","title":{"rendered":"Kairos Blanco"},"content":{"rendered":"<p>Kairos Blanco. <em>&#8220;Tras a\u00f1os comprendiendo el vi\u00f1edo de la Comarca, despu\u00e9s de muchas elaboraciones experimentales en bodega, ha llegado el momento de presentar Kairos. Tres vinos conceptualmente disruptivos, sorprendentes, que se salen de lo establecido. \u00a1\u00a1Salud!!\u201d<\/em><br \/>\nNacho Terrado, en\u00f3logo<\/p>\n<p>&nbsp;<\/p>\n<p class=\"eltdf-tab-title\">-INGREDIENTES E INFORMACI\u00d3N NUTRICIONAL:<\/p>\n<p><img loading=\"lazy\" decoding=\"async\" class=\"wp-image-14503 alignleft\" src=\"https:\/\/www.bodegassanesteban.com\/wp-content\/uploads\/2022\/05\/08437011903372_QR-V0.-BLANCO-KAIROS-600x600.png\" alt=\"\" width=\"67\" height=\"67\" srcset=\"https:\/\/www.bodegassanesteban.com\/wp-content\/uploads\/2022\/05\/08437011903372_QR-V0.-BLANCO-KAIROS-600x600.png 600w, https:\/\/www.bodegassanesteban.com\/wp-content\/uploads\/2022\/05\/08437011903372_QR-V0.-BLANCO-KAIROS-768x768.png 768w, https:\/\/www.bodegassanesteban.com\/wp-content\/uploads\/2022\/05\/08437011903372_QR-V0.-BLANCO-KAIROS-550x550.png 550w, https:\/\/www.bodegassanesteban.com\/wp-content\/uploads\/2022\/05\/08437011903372_QR-V0.-BLANCO-KAIROS-100x100.png 100w, https:\/\/www.bodegassanesteban.com\/wp-content\/uploads\/2022\/05\/08437011903372_QR-V0.-BLANCO-KAIROS.png 820w\" sizes=\"auto, (max-width: 67px) 100vw, 67px\" \/><\/p>\n","protected":false},"excerpt":{"rendered":"<p>Si quieres <strong>comprar vino blanco online al mejor precio <\/strong>aqu\u00ed tienes nuestra botella de 75 cl Kairos Blanco.<\/p>\n<p><b><i>No lo elijas, si <\/i><\/b>esperas encontrar un vino bajo est\u00e1ndares, KAIROS no es tu vino. <b><i>No lo elija, si <\/i><\/b>aceptas todo bajo el paraguas de \u201clo natural\u201d, KAIR\u00d3S tampoco es tu vino.<\/p>\n<p>&nbsp;<\/p>\n<p>&nbsp;<\/p>\n","protected":false},"featured_media":13263,"comment_status":"open","ping_status":"closed","template":"","meta":[],"product_brand":[],"product_cat":[426,420],"product_tag":[487],"mwb_booking_cost":[],"mwb_booking_service":[],"class_list":{"0":"post-13269","1":"product","2":"type-product","3":"status-publish","4":"has-post-thumbnail","6":"product_cat-kairos-blanco","7":"product_cat-vinos-en-rebeldia","8":"product_tag-vinos-en-rebeldia","10":"first","11":"instock","12":"purchasable","13":"product-type-simple"},"yoast_head":"<!-- This site is optimized with the Yoast SEO plugin v27.1.1 - https:\/\/yoast.com\/product\/yoast-seo-wordpress\/ -->\n<title>Kairos Blanco | Bodegas Tierras De Murillo<\/title>\n<meta name=\"robots\" content=\"index, follow, max-snippet:-1, max-image-preview:large, max-video-preview:-1\" \/>\n<link rel=\"canonical\" href=\"https:\/\/www.bodegassanesteban.com\/producto\/kairos-blanco\/\" \/>\n<meta property=\"og:locale\" content=\"en_US\" \/>\n<meta property=\"og:type\" content=\"article\" \/>\n<meta property=\"og:title\" content=\"Kairos Blanco | Bodegas Tierras De Murillo\" \/>\n<meta property=\"og:description\" content=\"Si quieres comprar vino blanco online al mejor precio aqu\u00ed tienes nuestra botella de 75 cl Kairos Blanco.  No lo elijas, si esperas encontrar un vino bajo est\u00e1ndares, KAIROS no es tu vino. No lo elija, si aceptas todo bajo el paraguas de \u201clo natural\u201d, KAIR\u00d3S tampoco es tu vino.  &nbsp;  &nbsp;\" \/>\n<meta property=\"og:url\" content=\"https:\/\/www.bodegassanesteban.com\/producto\/kairos-blanco\/\" \/>\n<meta property=\"og:site_name\" content=\"Bodegas Tierras De Murillo\" \/>\n<meta property=\"article:publisher\" content=\"https:\/\/www.facebook.com\/BodegasTierrasDeMurillo\/\" \/>\n<meta property=\"article:modified_time\" content=\"2025-06-04T08:06:16+00:00\" \/>\n<meta property=\"og:image\" content=\"https:\/\/www.bodegassanesteban.com\/wp-content\/uploads\/2022\/05\/Kairos-Blanco.jpg\" \/>\n\t<meta property=\"og:image:width\" content=\"1000\" \/>\n\t<meta property=\"og:image:height\" content=\"1123\" \/>\n\t<meta property=\"og:image:type\" content=\"image\/jpeg\" \/>\n<meta name=\"twitter:card\" content=\"summary_large_image\" \/>\n<meta name=\"twitter:label1\" content=\"Est. reading time\" \/>\n\t<meta name=\"twitter:data1\" content=\"1 minute\" \/>\n<script type=\"application\/ld+json\" class=\"yoast-schema-graph\">{\"@context\":\"https:\/\/schema.org\",\"@graph\":[{\"@type\":\"WebPage\",\"@id\":\"https:\/\/www.bodegassanesteban.com\/producto\/kairos-blanco\/\",\"url\":\"https:\/\/www.bodegassanesteban.com\/producto\/kairos-blanco\/\",\"name\":\"Kairos Blanco | Bodegas Tierras De Murillo\",\"isPartOf\":{\"@id\":\"https:\/\/www.bodegassanesteban.com\/#website\"},\"primaryImageOfPage\":{\"@id\":\"https:\/\/www.bodegassanesteban.com\/producto\/kairos-blanco\/#primaryimage\"},\"image\":{\"@id\":\"https:\/\/www.bodegassanesteban.com\/producto\/kairos-blanco\/#primaryimage\"},\"thumbnailUrl\":\"https:\/\/www.bodegassanesteban.com\/wp-content\/uploads\/2022\/05\/Kairos-Blanco.jpg\",\"datePublished\":\"2022-05-05T10:51:12+00:00\",\"dateModified\":\"2025-06-04T08:06:16+00:00\",\"breadcrumb\":{\"@id\":\"https:\/\/www.bodegassanesteban.com\/producto\/kairos-blanco\/#breadcrumb\"},\"inLanguage\":\"en-US\",\"potentialAction\":[{\"@type\":\"ReadAction\",\"target\":[\"https:\/\/www.bodegassanesteban.com\/producto\/kairos-blanco\/\"]}]},{\"@type\":\"ImageObject\",\"inLanguage\":\"en-US\",\"@id\":\"https:\/\/www.bodegassanesteban.com\/producto\/kairos-blanco\/#primaryimage\",\"url\":\"https:\/\/www.bodegassanesteban.com\/wp-content\/uploads\/2022\/05\/Kairos-Blanco.jpg\",\"contentUrl\":\"https:\/\/www.bodegassanesteban.com\/wp-content\/uploads\/2022\/05\/Kairos-Blanco.jpg\",\"width\":1000,\"height\":1123,\"caption\":\"Bodegas San Esteban | Kair\u00f3s de San Esteban\"},{\"@type\":\"BreadcrumbList\",\"@id\":\"https:\/\/www.bodegassanesteban.com\/producto\/kairos-blanco\/#breadcrumb\",\"itemListElement\":[{\"@type\":\"ListItem\",\"position\":1,\"name\":\"Portada\",\"item\":\"https:\/\/www.bodegassanesteban.com\/en\/\"},{\"@type\":\"ListItem\",\"position\":2,\"name\":\"Tienda y Experiencias\",\"item\":\"https:\/\/www.bodegassanesteban.com\/tienda\/\"},{\"@type\":\"ListItem\",\"position\":3,\"name\":\"Kairos Blanco\"}]},{\"@type\":\"WebSite\",\"@id\":\"https:\/\/www.bodegassanesteban.com\/#website\",\"url\":\"https:\/\/www.bodegassanesteban.com\/\",\"name\":\"Bodegas San Esteban\",\"description\":\"Vinos De Rioja\",\"publisher\":{\"@id\":\"https:\/\/www.bodegassanesteban.com\/#organization\"},\"potentialAction\":[{\"@type\":\"SearchAction\",\"target\":{\"@type\":\"EntryPoint\",\"urlTemplate\":\"https:\/\/www.bodegassanesteban.com\/?s={search_term_string}\"},\"query-input\":{\"@type\":\"PropertyValueSpecification\",\"valueRequired\":true,\"valueName\":\"search_term_string\"}}],\"inLanguage\":\"en-US\"},{\"@type\":\"Organization\",\"@id\":\"https:\/\/www.bodegassanesteban.com\/#organization\",\"name\":\"Bodegas San Esteban\",\"url\":\"https:\/\/www.bodegassanesteban.com\/\",\"logo\":{\"@type\":\"ImageObject\",\"inLanguage\":\"en-US\",\"@id\":\"https:\/\/www.bodegassanesteban.com\/#\/schema\/logo\/image\/\",\"url\":\"https:\/\/www.bodegassanesteban.com\/wp-content\/uploads\/2024\/11\/logo-woo.png\",\"contentUrl\":\"https:\/\/www.bodegassanesteban.com\/wp-content\/uploads\/2024\/11\/logo-woo.png\",\"width\":400,\"height\":203,\"caption\":\"Bodegas San Esteban\"},\"image\":{\"@id\":\"https:\/\/www.bodegassanesteban.com\/#\/schema\/logo\/image\/\"},\"sameAs\":[\"https:\/\/www.facebook.com\/BodegasTierrasDeMurillo\/\"]}]}<\/script>\n<!-- \/ Yoast SEO plugin. -->","yoast_head_json":{"title":"Kairos Blanco | Bodegas Tierras De Murillo","robots":{"index":"index","follow":"follow","max-snippet":"max-snippet:-1","max-image-preview":"max-image-preview:large","max-video-preview":"max-video-preview:-1"},"canonical":"https:\/\/www.bodegassanesteban.com\/producto\/kairos-blanco\/","og_locale":"en_US","og_type":"article","og_title":"Kairos Blanco | Bodegas Tierras De Murillo","og_description":"Si quieres comprar vino blanco online al mejor precio aqu\u00ed tienes nuestra botella de 75 cl Kairos Blanco.  No lo elijas, si esperas encontrar un vino bajo est\u00e1ndares, KAIROS no es tu vino. No lo elija, si aceptas todo bajo el paraguas de \u201clo natural\u201d, KAIR\u00d3S tampoco es tu vino.  &nbsp;  &nbsp;","og_url":"https:\/\/www.bodegassanesteban.com\/producto\/kairos-blanco\/","og_site_name":"Bodegas Tierras De Murillo","article_publisher":"https:\/\/www.facebook.com\/BodegasTierrasDeMurillo\/","article_modified_time":"2025-06-04T08:06:16+00:00","og_image":[{"width":1000,"height":1123,"url":"https:\/\/www.bodegassanesteban.com\/wp-content\/uploads\/2022\/05\/Kairos-Blanco.jpg","type":"image\/jpeg"}],"twitter_card":"summary_large_image","twitter_misc":{"Est. reading time":"1 minute"},"schema":{"@context":"https:\/\/schema.org","@graph":[{"@type":"WebPage","@id":"https:\/\/www.bodegassanesteban.com\/producto\/kairos-blanco\/","url":"https:\/\/www.bodegassanesteban.com\/producto\/kairos-blanco\/","name":"Kairos Blanco | Bodegas Tierras De Murillo","isPartOf":{"@id":"https:\/\/www.bodegassanesteban.com\/#website"},"primaryImageOfPage":{"@id":"https:\/\/www.bodegassanesteban.com\/producto\/kairos-blanco\/#primaryimage"},"image":{"@id":"https:\/\/www.bodegassanesteban.com\/producto\/kairos-blanco\/#primaryimage"},"thumbnailUrl":"https:\/\/www.bodegassanesteban.com\/wp-content\/uploads\/2022\/05\/Kairos-Blanco.jpg","datePublished":"2022-05-05T10:51:12+00:00","dateModified":"2025-06-04T08:06:16+00:00","breadcrumb":{"@id":"https:\/\/www.bodegassanesteban.com\/producto\/kairos-blanco\/#breadcrumb"},"inLanguage":"en-US","potentialAction":[{"@type":"ReadAction","target":["https:\/\/www.bodegassanesteban.com\/producto\/kairos-blanco\/"]}]},{"@type":"ImageObject","inLanguage":"en-US","@id":"https:\/\/www.bodegassanesteban.com\/producto\/kairos-blanco\/#primaryimage","url":"https:\/\/www.bodegassanesteban.com\/wp-content\/uploads\/2022\/05\/Kairos-Blanco.jpg","contentUrl":"https:\/\/www.bodegassanesteban.com\/wp-content\/uploads\/2022\/05\/Kairos-Blanco.jpg","width":1000,"height":1123,"caption":"Bodegas San Esteban | Kair\u00f3s de San Esteban"},{"@type":"BreadcrumbList","@id":"https:\/\/www.bodegassanesteban.com\/producto\/kairos-blanco\/#breadcrumb","itemListElement":[{"@type":"ListItem","position":1,"name":"Portada","item":"https:\/\/www.bodegassanesteban.com\/en\/"},{"@type":"ListItem","position":2,"name":"Tienda y Experiencias","item":"https:\/\/www.bodegassanesteban.com\/tienda\/"},{"@type":"ListItem","position":3,"name":"Kairos Blanco"}]},{"@type":"WebSite","@id":"https:\/\/www.bodegassanesteban.com\/#website","url":"https:\/\/www.bodegassanesteban.com\/","name":"Bodegas San Esteban","description":"Vinos De Rioja","publisher":{"@id":"https:\/\/www.bodegassanesteban.com\/#organization"},"potentialAction":[{"@type":"SearchAction","target":{"@type":"EntryPoint","urlTemplate":"https:\/\/www.bodegassanesteban.com\/?s={search_term_string}"},"query-input":{"@type":"PropertyValueSpecification","valueRequired":true,"valueName":"search_term_string"}}],"inLanguage":"en-US"},{"@type":"Organization","@id":"https:\/\/www.bodegassanesteban.com\/#organization","name":"Bodegas San Esteban","url":"https:\/\/www.bodegassanesteban.com\/","logo":{"@type":"ImageObject","inLanguage":"en-US","@id":"https:\/\/www.bodegassanesteban.com\/#\/schema\/logo\/image\/","url":"https:\/\/www.bodegassanesteban.com\/wp-content\/uploads\/2024\/11\/logo-woo.png","contentUrl":"https:\/\/www.bodegassanesteban.com\/wp-content\/uploads\/2024\/11\/logo-woo.png","width":400,"height":203,"caption":"Bodegas San Esteban"},"image":{"@id":"https:\/\/www.bodegassanesteban.com\/#\/schema\/logo\/image\/"},"sameAs":["https:\/\/www.facebook.com\/BodegasTierrasDeMurillo\/"]}]}},"jetpack_sharing_enabled":true,"_links":{"self":[{"href":"https:\/\/www.bodegassanesteban.com\/en\/wp-json\/wp\/v2\/product\/13269","targetHints":{"allow":["GET"]}}],"collection":[{"href":"https:\/\/www.bodegassanesteban.com\/en\/wp-json\/wp\/v2\/product"}],"about":[{"href":"https:\/\/www.bodegassanesteban.com\/en\/wp-json\/wp\/v2\/types\/product"}],"replies":[{"embeddable":true,"href":"https:\/\/www.bodegassanesteban.com\/en\/wp-json\/wp\/v2\/comments?post=13269"}],"wp:featuredmedia":[{"embeddable":true,"href":"https:\/\/www.bodegassanesteban.com\/en\/wp-json\/wp\/v2\/media\/13263"}],"wp:attachment":[{"href":"https:\/\/www.bodegassanesteban.com\/en\/wp-json\/wp\/v2\/media?parent=13269"}],"wp:term":[{"taxonomy":"product_brand","embeddable":true,"href":"https:\/\/www.bodegassanesteban.com\/en\/wp-json\/wp\/v2\/product_brand?post=13269"},{"taxonomy":"product_cat","embeddable":true,"href":"https:\/\/www.bodegassanesteban.com\/en\/wp-json\/wp\/v2\/product_cat?post=13269"},{"taxonomy":"product_tag","embeddable":true,"href":"https:\/\/www.bodegassanesteban.com\/en\/wp-json\/wp\/v2\/product_tag?post=13269"},{"taxonomy":"mwb_booking_cost","embeddable":true,"href":"https:\/\/www.bodegassanesteban.com\/en\/wp-json\/wp\/v2\/mwb_booking_cost?post=13269"},{"taxonomy":"mwb_booking_service","embeddable":true,"href":"https:\/\/www.bodegassanesteban.com\/en\/wp-json\/wp\/v2\/mwb_booking_service?post=13269"}],"curies":[{"name":"wp","href":"https:\/\/api.w.org\/{rel}","templated":true}]}}