{"id":13411,"date":"2022-12-07T10:11:32","date_gmt":"2022-12-07T09:11:32","guid":{"rendered":"http:\/\/www.bodegassanesteban.com\/?post_type=product&#038;p=13411"},"modified":"2025-06-04T11:50:49","modified_gmt":"2025-06-04T09:50:49","slug":"caja-seleccion","status":"publish","type":"product","link":"https:\/\/www.bodegassanesteban.com\/en\/producto\/caja-seleccion\/","title":{"rendered":"Caja de madera, selecci\u00f3n especial Tierras de Murillo+ Descorchador de regalo"},"content":{"rendered":"<p>Estuche especial de madera con dos botellas de nuestras \u00faltimas creaciones.\u00a0 <strong>Tierras De Murillo Colecci\u00f3n Privada y Tierras de Murillo Gran Reserva Blanco<\/strong>. Tu elecci\u00f3n, cuando quieras disfrutar de unos elegantes vinos de Rioja, sorbo a sorbo. Un momento solo para ti y tu disfrute.<\/p>\n<p>&nbsp;<\/p>\n<p class=\"eltdf-tab-title\">-INGREDIENTES E INFORMACI\u00d3N NUTRICIONAL:<\/p>\n<p><img loading=\"lazy\" decoding=\"async\" class=\"wp-image-14503 alignleft\" src=\"https:\/\/www.bodegassanesteban.com\/wp-content\/uploads\/2025\/06\/08437011903334_QR-V0.-BLANCO-GRAN-RESERVA-TIERRAS-DE-MURILLO.png\" alt=\"\" width=\"67\" height=\"67\" \/><img loading=\"lazy\" decoding=\"async\" class=\"wp-image-14503 alignleft\" src=\"https:\/\/www.bodegassanesteban.com\/wp-content\/uploads\/2025\/06\/08437011903259_QR-V0.-COLECCION-PRIVADA-TDM.png\" alt=\"\" width=\"67\" height=\"67\" \/><\/p>\n","protected":false},"excerpt":{"rendered":"<p>Caja de Madera Selecci\u00f3n Tierras de Murillo. Estuche de madera de dos botellas formado por:<\/p>\n<p><strong>Tierras de Murillo Gran Reserva Blanco.<\/strong> Uvas procedentes de vi\u00f1edos de Viura muy viejos plantados en la zonas m\u00e1s altas de los valles, donde la maduraci\u00f3n es lenta y sana. El mosto es fermentado en dep\u00f3sito de inoxidable a temperatura controlada. Seis meses de permanencia con sus l\u00edas en barrica y otros 2 a\u00f1os de crianza. Acaba su afinado en botella, donde ha permanecido m\u00e1s de 5 a\u00f1os antes de salir al mercado.<\/p>\n<p><strong>Tierras de Murillo Colecci\u00f3n Privada.<\/strong> Una selecci\u00f3n de los mejores vi\u00f1edos de Tempranillo de m\u00e1s de 30 a\u00f1os, las uvas se recogen cuando presentan un perfecto estado de maduraci\u00f3n fen\u00f3lica. Fermentaciones tranquilas de m\u00e1s de 15 d\u00edas, realiza la fermentaci\u00f3n malol\u00e1ctica en dep\u00f3sitos de hormig\u00f3n. Ha permanecido entre 12 y 16 meses en barrica nueva de roble franc\u00e9s, terminando su afinado en botella.<\/p>\n<p><strong>Descorchador serigrafiado Bodegas San Esteban<\/strong><\/p>\n","protected":false},"featured_media":13409,"comment_status":"open","ping_status":"closed","template":"","meta":[],"product_brand":[],"product_cat":[463,472],"product_tag":[488],"mwb_booking_cost":[],"mwb_booking_service":[],"class_list":{"0":"post-13411","1":"product","2":"type-product","3":"status-publish","4":"has-post-thumbnail","6":"product_cat-coleccion-privada","7":"product_cat-gran-reserva-blanco","8":"product_tag-vinos-del-enologo","10":"first","11":"instock","12":"purchasable","13":"product-type-simple"},"yoast_head":"<!-- This site is optimized with the Yoast SEO plugin v27.1.1 - https:\/\/yoast.com\/product\/yoast-seo-wordpress\/ -->\n<title>Caja de madera, selecci\u00f3n especial Tierras de Murillo+ Descorchador de regalo | Bodegas Tierras De Murillo<\/title>\n<meta name=\"robots\" content=\"index, follow, max-snippet:-1, max-image-preview:large, max-video-preview:-1\" \/>\n<link rel=\"canonical\" href=\"https:\/\/www.bodegassanesteban.com\/producto\/caja-seleccion\/\" \/>\n<meta property=\"og:locale\" content=\"en_US\" \/>\n<meta property=\"og:type\" content=\"article\" \/>\n<meta property=\"og:title\" content=\"Caja de madera, selecci\u00f3n especial Tierras de Murillo+ Descorchador de regalo | Bodegas Tierras De Murillo\" \/>\n<meta property=\"og:description\" content=\"Caja de Madera Selecci\u00f3n Tierras de Murillo. Estuche de madera de dos botellas formado por:  Tierras de Murillo Gran Reserva Blanco. Uvas procedentes de vi\u00f1edos de Viura muy viejos plantados en la zonas m\u00e1s altas de los valles, donde la maduraci\u00f3n es lenta y sana. El mosto es fermentado en dep\u00f3sito de inoxidable a temperatura controlada. Seis meses de permanencia con sus l\u00edas en barrica y otros 2 a\u00f1os de crianza. Acaba su afinado en botella, donde ha permanecido m\u00e1s de 5 a\u00f1os antes de salir al mercado.  Tierras de Murillo Colecci\u00f3n Privada. Una selecci\u00f3n de los mejores vi\u00f1edos de Tempranillo de m\u00e1s de 30 a\u00f1os, las uvas se recogen cuando presentan un perfecto estado de maduraci\u00f3n fen\u00f3lica. Fermentaciones tranquilas de m\u00e1s de 15 d\u00edas, realiza la fermentaci\u00f3n malol\u00e1ctica en dep\u00f3sitos de hormig\u00f3n. Ha permanecido entre 12 y 16 meses en barrica nueva de roble franc\u00e9s, terminando su afinado en botella.  Descorchador serigrafiado Bodegas San Esteban\" \/>\n<meta property=\"og:url\" content=\"https:\/\/www.bodegassanesteban.com\/producto\/caja-seleccion\/\" \/>\n<meta property=\"og:site_name\" content=\"Bodegas Tierras De Murillo\" \/>\n<meta property=\"article:publisher\" content=\"https:\/\/www.facebook.com\/BodegasTierrasDeMurillo\/\" \/>\n<meta property=\"article:modified_time\" content=\"2025-06-04T09:50:49+00:00\" \/>\n<meta property=\"og:image\" content=\"https:\/\/www.bodegassanesteban.com\/wp-content\/uploads\/2022\/12\/caja-madera.jpg\" \/>\n\t<meta property=\"og:image:width\" content=\"1000\" \/>\n\t<meta property=\"og:image:height\" content=\"1123\" \/>\n\t<meta property=\"og:image:type\" content=\"image\/jpeg\" \/>\n<meta name=\"twitter:card\" content=\"summary_large_image\" \/>\n<meta name=\"twitter:label1\" content=\"Est. reading time\" \/>\n\t<meta name=\"twitter:data1\" content=\"1 minute\" \/>\n<script type=\"application\/ld+json\" class=\"yoast-schema-graph\">{\"@context\":\"https:\/\/schema.org\",\"@graph\":[{\"@type\":\"WebPage\",\"@id\":\"https:\/\/www.bodegassanesteban.com\/producto\/caja-seleccion\/\",\"url\":\"https:\/\/www.bodegassanesteban.com\/producto\/caja-seleccion\/\",\"name\":\"Caja de madera, selecci\u00f3n especial Tierras de Murillo+ Descorchador de regalo | Bodegas Tierras De Murillo\",\"isPartOf\":{\"@id\":\"https:\/\/www.bodegassanesteban.com\/#website\"},\"primaryImageOfPage\":{\"@id\":\"https:\/\/www.bodegassanesteban.com\/producto\/caja-seleccion\/#primaryimage\"},\"image\":{\"@id\":\"https:\/\/www.bodegassanesteban.com\/producto\/caja-seleccion\/#primaryimage\"},\"thumbnailUrl\":\"https:\/\/www.bodegassanesteban.com\/wp-content\/uploads\/2022\/12\/caja-madera.jpg\",\"datePublished\":\"2022-12-07T09:11:32+00:00\",\"dateModified\":\"2025-06-04T09:50:49+00:00\",\"breadcrumb\":{\"@id\":\"https:\/\/www.bodegassanesteban.com\/producto\/caja-seleccion\/#breadcrumb\"},\"inLanguage\":\"en-US\",\"potentialAction\":[{\"@type\":\"ReadAction\",\"target\":[\"https:\/\/www.bodegassanesteban.com\/producto\/caja-seleccion\/\"]}]},{\"@type\":\"ImageObject\",\"inLanguage\":\"en-US\",\"@id\":\"https:\/\/www.bodegassanesteban.com\/producto\/caja-seleccion\/#primaryimage\",\"url\":\"https:\/\/www.bodegassanesteban.com\/wp-content\/uploads\/2022\/12\/caja-madera.jpg\",\"contentUrl\":\"https:\/\/www.bodegassanesteban.com\/wp-content\/uploads\/2022\/12\/caja-madera.jpg\",\"width\":1000,\"height\":1123,\"caption\":\"Caja de madera | Regalos | Vino para regalar\"},{\"@type\":\"BreadcrumbList\",\"@id\":\"https:\/\/www.bodegassanesteban.com\/producto\/caja-seleccion\/#breadcrumb\",\"itemListElement\":[{\"@type\":\"ListItem\",\"position\":1,\"name\":\"Portada\",\"item\":\"https:\/\/www.bodegassanesteban.com\/en\/\"},{\"@type\":\"ListItem\",\"position\":2,\"name\":\"Tienda y Experiencias\",\"item\":\"https:\/\/www.bodegassanesteban.com\/tienda\/\"},{\"@type\":\"ListItem\",\"position\":3,\"name\":\"Caja de madera, selecci\u00f3n especial Tierras de Murillo+ Descorchador de regalo\"}]},{\"@type\":\"WebSite\",\"@id\":\"https:\/\/www.bodegassanesteban.com\/#website\",\"url\":\"https:\/\/www.bodegassanesteban.com\/\",\"name\":\"Bodegas San Esteban\",\"description\":\"Vinos De Rioja\",\"publisher\":{\"@id\":\"https:\/\/www.bodegassanesteban.com\/#organization\"},\"potentialAction\":[{\"@type\":\"SearchAction\",\"target\":{\"@type\":\"EntryPoint\",\"urlTemplate\":\"https:\/\/www.bodegassanesteban.com\/?s={search_term_string}\"},\"query-input\":{\"@type\":\"PropertyValueSpecification\",\"valueRequired\":true,\"valueName\":\"search_term_string\"}}],\"inLanguage\":\"en-US\"},{\"@type\":\"Organization\",\"@id\":\"https:\/\/www.bodegassanesteban.com\/#organization\",\"name\":\"Bodegas San Esteban\",\"url\":\"https:\/\/www.bodegassanesteban.com\/\",\"logo\":{\"@type\":\"ImageObject\",\"inLanguage\":\"en-US\",\"@id\":\"https:\/\/www.bodegassanesteban.com\/#\/schema\/logo\/image\/\",\"url\":\"https:\/\/www.bodegassanesteban.com\/wp-content\/uploads\/2024\/11\/logo-woo.png\",\"contentUrl\":\"https:\/\/www.bodegassanesteban.com\/wp-content\/uploads\/2024\/11\/logo-woo.png\",\"width\":400,\"height\":203,\"caption\":\"Bodegas San Esteban\"},\"image\":{\"@id\":\"https:\/\/www.bodegassanesteban.com\/#\/schema\/logo\/image\/\"},\"sameAs\":[\"https:\/\/www.facebook.com\/BodegasTierrasDeMurillo\/\"]}]}<\/script>\n<!-- \/ Yoast SEO plugin. -->","yoast_head_json":{"title":"Caja de madera, selecci\u00f3n especial Tierras de Murillo+ Descorchador de regalo | Bodegas Tierras De Murillo","robots":{"index":"index","follow":"follow","max-snippet":"max-snippet:-1","max-image-preview":"max-image-preview:large","max-video-preview":"max-video-preview:-1"},"canonical":"https:\/\/www.bodegassanesteban.com\/producto\/caja-seleccion\/","og_locale":"en_US","og_type":"article","og_title":"Caja de madera, selecci\u00f3n especial Tierras de Murillo+ Descorchador de regalo | Bodegas Tierras De Murillo","og_description":"Caja de Madera Selecci\u00f3n Tierras de Murillo. Estuche de madera de dos botellas formado por:  Tierras de Murillo Gran Reserva Blanco. Uvas procedentes de vi\u00f1edos de Viura muy viejos plantados en la zonas m\u00e1s altas de los valles, donde la maduraci\u00f3n es lenta y sana. El mosto es fermentado en dep\u00f3sito de inoxidable a temperatura controlada. Seis meses de permanencia con sus l\u00edas en barrica y otros 2 a\u00f1os de crianza. Acaba su afinado en botella, donde ha permanecido m\u00e1s de 5 a\u00f1os antes de salir al mercado.  Tierras de Murillo Colecci\u00f3n Privada. Una selecci\u00f3n de los mejores vi\u00f1edos de Tempranillo de m\u00e1s de 30 a\u00f1os, las uvas se recogen cuando presentan un perfecto estado de maduraci\u00f3n fen\u00f3lica. Fermentaciones tranquilas de m\u00e1s de 15 d\u00edas, realiza la fermentaci\u00f3n malol\u00e1ctica en dep\u00f3sitos de hormig\u00f3n. Ha permanecido entre 12 y 16 meses en barrica nueva de roble franc\u00e9s, terminando su afinado en botella.  Descorchador serigrafiado Bodegas San Esteban","og_url":"https:\/\/www.bodegassanesteban.com\/producto\/caja-seleccion\/","og_site_name":"Bodegas Tierras De Murillo","article_publisher":"https:\/\/www.facebook.com\/BodegasTierrasDeMurillo\/","article_modified_time":"2025-06-04T09:50:49+00:00","og_image":[{"width":1000,"height":1123,"url":"https:\/\/www.bodegassanesteban.com\/wp-content\/uploads\/2022\/12\/caja-madera.jpg","type":"image\/jpeg"}],"twitter_card":"summary_large_image","twitter_misc":{"Est. reading time":"1 minute"},"schema":{"@context":"https:\/\/schema.org","@graph":[{"@type":"WebPage","@id":"https:\/\/www.bodegassanesteban.com\/producto\/caja-seleccion\/","url":"https:\/\/www.bodegassanesteban.com\/producto\/caja-seleccion\/","name":"Caja de madera, selecci\u00f3n especial Tierras de Murillo+ Descorchador de regalo | Bodegas Tierras De Murillo","isPartOf":{"@id":"https:\/\/www.bodegassanesteban.com\/#website"},"primaryImageOfPage":{"@id":"https:\/\/www.bodegassanesteban.com\/producto\/caja-seleccion\/#primaryimage"},"image":{"@id":"https:\/\/www.bodegassanesteban.com\/producto\/caja-seleccion\/#primaryimage"},"thumbnailUrl":"https:\/\/www.bodegassanesteban.com\/wp-content\/uploads\/2022\/12\/caja-madera.jpg","datePublished":"2022-12-07T09:11:32+00:00","dateModified":"2025-06-04T09:50:49+00:00","breadcrumb":{"@id":"https:\/\/www.bodegassanesteban.com\/producto\/caja-seleccion\/#breadcrumb"},"inLanguage":"en-US","potentialAction":[{"@type":"ReadAction","target":["https:\/\/www.bodegassanesteban.com\/producto\/caja-seleccion\/"]}]},{"@type":"ImageObject","inLanguage":"en-US","@id":"https:\/\/www.bodegassanesteban.com\/producto\/caja-seleccion\/#primaryimage","url":"https:\/\/www.bodegassanesteban.com\/wp-content\/uploads\/2022\/12\/caja-madera.jpg","contentUrl":"https:\/\/www.bodegassanesteban.com\/wp-content\/uploads\/2022\/12\/caja-madera.jpg","width":1000,"height":1123,"caption":"Caja de madera | Regalos | Vino para regalar"},{"@type":"BreadcrumbList","@id":"https:\/\/www.bodegassanesteban.com\/producto\/caja-seleccion\/#breadcrumb","itemListElement":[{"@type":"ListItem","position":1,"name":"Portada","item":"https:\/\/www.bodegassanesteban.com\/en\/"},{"@type":"ListItem","position":2,"name":"Tienda y Experiencias","item":"https:\/\/www.bodegassanesteban.com\/tienda\/"},{"@type":"ListItem","position":3,"name":"Caja de madera, selecci\u00f3n especial Tierras de Murillo+ Descorchador de regalo"}]},{"@type":"WebSite","@id":"https:\/\/www.bodegassanesteban.com\/#website","url":"https:\/\/www.bodegassanesteban.com\/","name":"Bodegas San Esteban","description":"Vinos De Rioja","publisher":{"@id":"https:\/\/www.bodegassanesteban.com\/#organization"},"potentialAction":[{"@type":"SearchAction","target":{"@type":"EntryPoint","urlTemplate":"https:\/\/www.bodegassanesteban.com\/?s={search_term_string}"},"query-input":{"@type":"PropertyValueSpecification","valueRequired":true,"valueName":"search_term_string"}}],"inLanguage":"en-US"},{"@type":"Organization","@id":"https:\/\/www.bodegassanesteban.com\/#organization","name":"Bodegas San Esteban","url":"https:\/\/www.bodegassanesteban.com\/","logo":{"@type":"ImageObject","inLanguage":"en-US","@id":"https:\/\/www.bodegassanesteban.com\/#\/schema\/logo\/image\/","url":"https:\/\/www.bodegassanesteban.com\/wp-content\/uploads\/2024\/11\/logo-woo.png","contentUrl":"https:\/\/www.bodegassanesteban.com\/wp-content\/uploads\/2024\/11\/logo-woo.png","width":400,"height":203,"caption":"Bodegas San Esteban"},"image":{"@id":"https:\/\/www.bodegassanesteban.com\/#\/schema\/logo\/image\/"},"sameAs":["https:\/\/www.facebook.com\/BodegasTierrasDeMurillo\/"]}]}},"jetpack_sharing_enabled":true,"_links":{"self":[{"href":"https:\/\/www.bodegassanesteban.com\/en\/wp-json\/wp\/v2\/product\/13411","targetHints":{"allow":["GET"]}}],"collection":[{"href":"https:\/\/www.bodegassanesteban.com\/en\/wp-json\/wp\/v2\/product"}],"about":[{"href":"https:\/\/www.bodegassanesteban.com\/en\/wp-json\/wp\/v2\/types\/product"}],"replies":[{"embeddable":true,"href":"https:\/\/www.bodegassanesteban.com\/en\/wp-json\/wp\/v2\/comments?post=13411"}],"wp:featuredmedia":[{"embeddable":true,"href":"https:\/\/www.bodegassanesteban.com\/en\/wp-json\/wp\/v2\/media\/13409"}],"wp:attachment":[{"href":"https:\/\/www.bodegassanesteban.com\/en\/wp-json\/wp\/v2\/media?parent=13411"}],"wp:term":[{"taxonomy":"product_brand","embeddable":true,"href":"https:\/\/www.bodegassanesteban.com\/en\/wp-json\/wp\/v2\/product_brand?post=13411"},{"taxonomy":"product_cat","embeddable":true,"href":"https:\/\/www.bodegassanesteban.com\/en\/wp-json\/wp\/v2\/product_cat?post=13411"},{"taxonomy":"product_tag","embeddable":true,"href":"https:\/\/www.bodegassanesteban.com\/en\/wp-json\/wp\/v2\/product_tag?post=13411"},{"taxonomy":"mwb_booking_cost","embeddable":true,"href":"https:\/\/www.bodegassanesteban.com\/en\/wp-json\/wp\/v2\/mwb_booking_cost?post=13411"},{"taxonomy":"mwb_booking_service","embeddable":true,"href":"https:\/\/www.bodegassanesteban.com\/en\/wp-json\/wp\/v2\/mwb_booking_service?post=13411"}],"curies":[{"name":"wp","href":"https:\/\/api.w.org\/{rel}","templated":true}]}}