{"id":13413,"date":"2022-12-07T10:20:01","date_gmt":"2022-12-07T09:20:01","guid":{"rendered":"http:\/\/www.bodegassanesteban.com\/?post_type=product&#038;p=13413"},"modified":"2025-06-04T11:04:20","modified_gmt":"2025-06-04T09:04:20","slug":"caja-especial-garnacha","status":"publish","type":"product","link":"https:\/\/www.bodegassanesteban.com\/en\/producto\/caja-especial-garnacha\/","title":{"rendered":"Caja Especial Garnacha + Descorchador de regalo"},"content":{"rendered":"<p>Una de nuestras \u00faltimas creaciones. Monovarietal 100% Garnacha Un vino para los paladares m\u00e1s exigentes, sabor afrutado y agradable retrogusto final.<\/p>\n<p>&nbsp;<\/p>\n<p>&nbsp;<\/p>\n<p class=\"eltdf-tab-title\">-INGREDIENTES E INFORMACI\u00d3N NUTRICIONAL:<\/p>\n<p><img loading=\"lazy\" decoding=\"async\" class=\"wp-image-14503 alignleft\" src=\"https:\/\/www.bodegassanesteban.com\/wp-content\/uploads\/2025\/06\/08437011903389_QR-V0.-GARNACHA-TDM.png\" alt=\"\" width=\"67\" height=\"67\" \/><\/p>\n","protected":false},"excerpt":{"rendered":"<p>Caja especial Garnacha. Estuche de cart\u00f3n compuesto por:<\/p>\n<p><strong>3 botellas de Tierras de Murillo Garnacha<\/strong>. Uvas procedentes de vi\u00f1edos seleccionados en las poblaciones de Tudelilla \u2013cantos rodados- y Murillo de R\u00edo Leza \u2013suelo arcillo-ferroso-. Fermentaci\u00f3n controlada durante 10 d\u00edas para proteger aromas varietales, inicia su fermentaci\u00f3n malol\u00e1ctica en dep\u00f3sitos de hormig\u00f3n para terminarla en barrica nueva sin tostar, donde posteriormente madura durante 3 meses.<\/p>\n<p><strong>Descorchador.<\/strong><\/p>\n","protected":false},"featured_media":13407,"comment_status":"open","ping_status":"closed","template":"","meta":[],"product_brand":[],"product_cat":[467,419],"product_tag":[486],"mwb_booking_cost":[],"mwb_booking_service":[],"class_list":{"0":"post-13413","1":"product","2":"type-product","3":"status-publish","4":"has-post-thumbnail","6":"product_cat-garnacha","7":"product_cat-varietales-maduros","8":"product_tag-varietales-maduros","10":"first","11":"instock","12":"purchasable","13":"product-type-simple"},"yoast_head":"<!-- This site is optimized with the Yoast SEO plugin v27.1.1 - https:\/\/yoast.com\/product\/yoast-seo-wordpress\/ -->\n<title>Caja Especial Garnacha + Descorchador de regalo | Bodegas Tierras De Murillo<\/title>\n<meta name=\"robots\" content=\"index, follow, max-snippet:-1, max-image-preview:large, max-video-preview:-1\" \/>\n<link rel=\"canonical\" href=\"https:\/\/www.bodegassanesteban.com\/producto\/caja-especial-garnacha\/\" \/>\n<meta property=\"og:locale\" content=\"en_US\" \/>\n<meta property=\"og:type\" content=\"article\" \/>\n<meta property=\"og:title\" content=\"Caja Especial Garnacha + Descorchador de regalo | Bodegas Tierras De Murillo\" \/>\n<meta property=\"og:description\" content=\"Caja especial Garnacha. Estuche de cart\u00f3n compuesto por:  3 botellas de Tierras de Murillo Garnacha. Uvas procedentes de vi\u00f1edos seleccionados en las poblaciones de Tudelilla \u2013cantos rodados- y Murillo de R\u00edo Leza \u2013suelo arcillo-ferroso-. Fermentaci\u00f3n controlada durante 10 d\u00edas para proteger aromas varietales, inicia su fermentaci\u00f3n malol\u00e1ctica en dep\u00f3sitos de hormig\u00f3n para terminarla en barrica nueva sin tostar, donde posteriormente madura durante 3 meses.  Descorchador.\" \/>\n<meta property=\"og:url\" content=\"https:\/\/www.bodegassanesteban.com\/producto\/caja-especial-garnacha\/\" \/>\n<meta property=\"og:site_name\" content=\"Bodegas Tierras De Murillo\" \/>\n<meta property=\"article:publisher\" content=\"https:\/\/www.facebook.com\/BodegasTierrasDeMurillo\/\" \/>\n<meta property=\"article:modified_time\" content=\"2025-06-04T09:04:20+00:00\" \/>\n<meta property=\"og:image\" content=\"https:\/\/www.bodegassanesteban.com\/wp-content\/uploads\/2022\/12\/CAJA-3-GARNACHA.jpg\" \/>\n\t<meta property=\"og:image:width\" content=\"1000\" \/>\n\t<meta property=\"og:image:height\" content=\"1123\" \/>\n\t<meta property=\"og:image:type\" content=\"image\/jpeg\" \/>\n<meta name=\"twitter:card\" content=\"summary_large_image\" \/>\n<meta name=\"twitter:label1\" content=\"Est. reading time\" \/>\n\t<meta name=\"twitter:data1\" content=\"1 minute\" \/>\n<script type=\"application\/ld+json\" class=\"yoast-schema-graph\">{\"@context\":\"https:\/\/schema.org\",\"@graph\":[{\"@type\":\"WebPage\",\"@id\":\"https:\/\/www.bodegassanesteban.com\/producto\/caja-especial-garnacha\/\",\"url\":\"https:\/\/www.bodegassanesteban.com\/producto\/caja-especial-garnacha\/\",\"name\":\"Caja Especial Garnacha + Descorchador de regalo | Bodegas Tierras De Murillo\",\"isPartOf\":{\"@id\":\"https:\/\/www.bodegassanesteban.com\/#website\"},\"primaryImageOfPage\":{\"@id\":\"https:\/\/www.bodegassanesteban.com\/producto\/caja-especial-garnacha\/#primaryimage\"},\"image\":{\"@id\":\"https:\/\/www.bodegassanesteban.com\/producto\/caja-especial-garnacha\/#primaryimage\"},\"thumbnailUrl\":\"https:\/\/www.bodegassanesteban.com\/wp-content\/uploads\/2022\/12\/CAJA-3-GARNACHA.jpg\",\"datePublished\":\"2022-12-07T09:20:01+00:00\",\"dateModified\":\"2025-06-04T09:04:20+00:00\",\"breadcrumb\":{\"@id\":\"https:\/\/www.bodegassanesteban.com\/producto\/caja-especial-garnacha\/#breadcrumb\"},\"inLanguage\":\"en-US\",\"potentialAction\":[{\"@type\":\"ReadAction\",\"target\":[\"https:\/\/www.bodegassanesteban.com\/producto\/caja-especial-garnacha\/\"]}]},{\"@type\":\"ImageObject\",\"inLanguage\":\"en-US\",\"@id\":\"https:\/\/www.bodegassanesteban.com\/producto\/caja-especial-garnacha\/#primaryimage\",\"url\":\"https:\/\/www.bodegassanesteban.com\/wp-content\/uploads\/2022\/12\/CAJA-3-GARNACHA.jpg\",\"contentUrl\":\"https:\/\/www.bodegassanesteban.com\/wp-content\/uploads\/2022\/12\/CAJA-3-GARNACHA.jpg\",\"width\":1000,\"height\":1123,\"caption\":\"Tierras de Murillo | Garnacha | Vino para regalar\"},{\"@type\":\"BreadcrumbList\",\"@id\":\"https:\/\/www.bodegassanesteban.com\/producto\/caja-especial-garnacha\/#breadcrumb\",\"itemListElement\":[{\"@type\":\"ListItem\",\"position\":1,\"name\":\"Portada\",\"item\":\"https:\/\/www.bodegassanesteban.com\/en\/\"},{\"@type\":\"ListItem\",\"position\":2,\"name\":\"Tienda y Experiencias\",\"item\":\"https:\/\/www.bodegassanesteban.com\/tienda\/\"},{\"@type\":\"ListItem\",\"position\":3,\"name\":\"Caja Especial Garnacha + Descorchador de regalo\"}]},{\"@type\":\"WebSite\",\"@id\":\"https:\/\/www.bodegassanesteban.com\/#website\",\"url\":\"https:\/\/www.bodegassanesteban.com\/\",\"name\":\"Bodegas San Esteban\",\"description\":\"Vinos De Rioja\",\"publisher\":{\"@id\":\"https:\/\/www.bodegassanesteban.com\/#organization\"},\"potentialAction\":[{\"@type\":\"SearchAction\",\"target\":{\"@type\":\"EntryPoint\",\"urlTemplate\":\"https:\/\/www.bodegassanesteban.com\/?s={search_term_string}\"},\"query-input\":{\"@type\":\"PropertyValueSpecification\",\"valueRequired\":true,\"valueName\":\"search_term_string\"}}],\"inLanguage\":\"en-US\"},{\"@type\":\"Organization\",\"@id\":\"https:\/\/www.bodegassanesteban.com\/#organization\",\"name\":\"Bodegas San Esteban\",\"url\":\"https:\/\/www.bodegassanesteban.com\/\",\"logo\":{\"@type\":\"ImageObject\",\"inLanguage\":\"en-US\",\"@id\":\"https:\/\/www.bodegassanesteban.com\/#\/schema\/logo\/image\/\",\"url\":\"https:\/\/www.bodegassanesteban.com\/wp-content\/uploads\/2024\/11\/logo-woo.png\",\"contentUrl\":\"https:\/\/www.bodegassanesteban.com\/wp-content\/uploads\/2024\/11\/logo-woo.png\",\"width\":400,\"height\":203,\"caption\":\"Bodegas San Esteban\"},\"image\":{\"@id\":\"https:\/\/www.bodegassanesteban.com\/#\/schema\/logo\/image\/\"},\"sameAs\":[\"https:\/\/www.facebook.com\/BodegasTierrasDeMurillo\/\"]}]}<\/script>\n<!-- \/ Yoast SEO plugin. -->","yoast_head_json":{"title":"Caja Especial Garnacha + Descorchador de regalo | Bodegas Tierras De Murillo","robots":{"index":"index","follow":"follow","max-snippet":"max-snippet:-1","max-image-preview":"max-image-preview:large","max-video-preview":"max-video-preview:-1"},"canonical":"https:\/\/www.bodegassanesteban.com\/producto\/caja-especial-garnacha\/","og_locale":"en_US","og_type":"article","og_title":"Caja Especial Garnacha + Descorchador de regalo | Bodegas Tierras De Murillo","og_description":"Caja especial Garnacha. Estuche de cart\u00f3n compuesto por:  3 botellas de Tierras de Murillo Garnacha. Uvas procedentes de vi\u00f1edos seleccionados en las poblaciones de Tudelilla \u2013cantos rodados- y Murillo de R\u00edo Leza \u2013suelo arcillo-ferroso-. Fermentaci\u00f3n controlada durante 10 d\u00edas para proteger aromas varietales, inicia su fermentaci\u00f3n malol\u00e1ctica en dep\u00f3sitos de hormig\u00f3n para terminarla en barrica nueva sin tostar, donde posteriormente madura durante 3 meses.  Descorchador.","og_url":"https:\/\/www.bodegassanesteban.com\/producto\/caja-especial-garnacha\/","og_site_name":"Bodegas Tierras De Murillo","article_publisher":"https:\/\/www.facebook.com\/BodegasTierrasDeMurillo\/","article_modified_time":"2025-06-04T09:04:20+00:00","og_image":[{"width":1000,"height":1123,"url":"https:\/\/www.bodegassanesteban.com\/wp-content\/uploads\/2022\/12\/CAJA-3-GARNACHA.jpg","type":"image\/jpeg"}],"twitter_card":"summary_large_image","twitter_misc":{"Est. reading time":"1 minute"},"schema":{"@context":"https:\/\/schema.org","@graph":[{"@type":"WebPage","@id":"https:\/\/www.bodegassanesteban.com\/producto\/caja-especial-garnacha\/","url":"https:\/\/www.bodegassanesteban.com\/producto\/caja-especial-garnacha\/","name":"Caja Especial Garnacha + Descorchador de regalo | Bodegas Tierras De Murillo","isPartOf":{"@id":"https:\/\/www.bodegassanesteban.com\/#website"},"primaryImageOfPage":{"@id":"https:\/\/www.bodegassanesteban.com\/producto\/caja-especial-garnacha\/#primaryimage"},"image":{"@id":"https:\/\/www.bodegassanesteban.com\/producto\/caja-especial-garnacha\/#primaryimage"},"thumbnailUrl":"https:\/\/www.bodegassanesteban.com\/wp-content\/uploads\/2022\/12\/CAJA-3-GARNACHA.jpg","datePublished":"2022-12-07T09:20:01+00:00","dateModified":"2025-06-04T09:04:20+00:00","breadcrumb":{"@id":"https:\/\/www.bodegassanesteban.com\/producto\/caja-especial-garnacha\/#breadcrumb"},"inLanguage":"en-US","potentialAction":[{"@type":"ReadAction","target":["https:\/\/www.bodegassanesteban.com\/producto\/caja-especial-garnacha\/"]}]},{"@type":"ImageObject","inLanguage":"en-US","@id":"https:\/\/www.bodegassanesteban.com\/producto\/caja-especial-garnacha\/#primaryimage","url":"https:\/\/www.bodegassanesteban.com\/wp-content\/uploads\/2022\/12\/CAJA-3-GARNACHA.jpg","contentUrl":"https:\/\/www.bodegassanesteban.com\/wp-content\/uploads\/2022\/12\/CAJA-3-GARNACHA.jpg","width":1000,"height":1123,"caption":"Tierras de Murillo | Garnacha | Vino para regalar"},{"@type":"BreadcrumbList","@id":"https:\/\/www.bodegassanesteban.com\/producto\/caja-especial-garnacha\/#breadcrumb","itemListElement":[{"@type":"ListItem","position":1,"name":"Portada","item":"https:\/\/www.bodegassanesteban.com\/en\/"},{"@type":"ListItem","position":2,"name":"Tienda y Experiencias","item":"https:\/\/www.bodegassanesteban.com\/tienda\/"},{"@type":"ListItem","position":3,"name":"Caja Especial Garnacha + Descorchador de regalo"}]},{"@type":"WebSite","@id":"https:\/\/www.bodegassanesteban.com\/#website","url":"https:\/\/www.bodegassanesteban.com\/","name":"Bodegas San Esteban","description":"Vinos De Rioja","publisher":{"@id":"https:\/\/www.bodegassanesteban.com\/#organization"},"potentialAction":[{"@type":"SearchAction","target":{"@type":"EntryPoint","urlTemplate":"https:\/\/www.bodegassanesteban.com\/?s={search_term_string}"},"query-input":{"@type":"PropertyValueSpecification","valueRequired":true,"valueName":"search_term_string"}}],"inLanguage":"en-US"},{"@type":"Organization","@id":"https:\/\/www.bodegassanesteban.com\/#organization","name":"Bodegas San Esteban","url":"https:\/\/www.bodegassanesteban.com\/","logo":{"@type":"ImageObject","inLanguage":"en-US","@id":"https:\/\/www.bodegassanesteban.com\/#\/schema\/logo\/image\/","url":"https:\/\/www.bodegassanesteban.com\/wp-content\/uploads\/2024\/11\/logo-woo.png","contentUrl":"https:\/\/www.bodegassanesteban.com\/wp-content\/uploads\/2024\/11\/logo-woo.png","width":400,"height":203,"caption":"Bodegas San Esteban"},"image":{"@id":"https:\/\/www.bodegassanesteban.com\/#\/schema\/logo\/image\/"},"sameAs":["https:\/\/www.facebook.com\/BodegasTierrasDeMurillo\/"]}]}},"jetpack_sharing_enabled":true,"_links":{"self":[{"href":"https:\/\/www.bodegassanesteban.com\/en\/wp-json\/wp\/v2\/product\/13413","targetHints":{"allow":["GET"]}}],"collection":[{"href":"https:\/\/www.bodegassanesteban.com\/en\/wp-json\/wp\/v2\/product"}],"about":[{"href":"https:\/\/www.bodegassanesteban.com\/en\/wp-json\/wp\/v2\/types\/product"}],"replies":[{"embeddable":true,"href":"https:\/\/www.bodegassanesteban.com\/en\/wp-json\/wp\/v2\/comments?post=13413"}],"wp:featuredmedia":[{"embeddable":true,"href":"https:\/\/www.bodegassanesteban.com\/en\/wp-json\/wp\/v2\/media\/13407"}],"wp:attachment":[{"href":"https:\/\/www.bodegassanesteban.com\/en\/wp-json\/wp\/v2\/media?parent=13413"}],"wp:term":[{"taxonomy":"product_brand","embeddable":true,"href":"https:\/\/www.bodegassanesteban.com\/en\/wp-json\/wp\/v2\/product_brand?post=13413"},{"taxonomy":"product_cat","embeddable":true,"href":"https:\/\/www.bodegassanesteban.com\/en\/wp-json\/wp\/v2\/product_cat?post=13413"},{"taxonomy":"product_tag","embeddable":true,"href":"https:\/\/www.bodegassanesteban.com\/en\/wp-json\/wp\/v2\/product_tag?post=13413"},{"taxonomy":"mwb_booking_cost","embeddable":true,"href":"https:\/\/www.bodegassanesteban.com\/en\/wp-json\/wp\/v2\/mwb_booking_cost?post=13413"},{"taxonomy":"mwb_booking_service","embeddable":true,"href":"https:\/\/www.bodegassanesteban.com\/en\/wp-json\/wp\/v2\/mwb_booking_service?post=13413"}],"curies":[{"name":"wp","href":"https:\/\/api.w.org\/{rel}","templated":true}]}}