{"id":13415,"date":"2022-12-07T10:23:44","date_gmt":"2022-12-07T09:23:44","guid":{"rendered":"http:\/\/www.bodegassanesteban.com\/?post_type=product&#038;p=13415"},"modified":"2025-06-04T11:01:14","modified_gmt":"2025-06-04T09:01:14","slug":"caja-especial-blanco-fermentado-en-barrica","status":"publish","type":"product","link":"https:\/\/www.bodegassanesteban.com\/en\/producto\/caja-especial-blanco-fermentado-en-barrica\/","title":{"rendered":"Caja Especial Blanco Fermentado en barrica + Descorchador de regalo"},"content":{"rendered":"<p>Estuche especial de nuestro Blanco Fermentado en Barrica. Es un vino blanco fermentado en barrica y con crianza sobre sus l\u00edas. Un vino elaborado con uvas seleccionadas.<\/p>\n<p>&nbsp;<\/p>\n<p>&nbsp;<\/p>\n<p class=\"eltdf-tab-title\">-INGREDIENTES E INFORMACI\u00d3N NUTRICIONAL:<\/p>\n<p><img loading=\"lazy\" decoding=\"async\" class=\"wp-image-14503 alignleft\" src=\"https:\/\/www.bodegassanesteban.com\/wp-content\/uploads\/2025\/06\/08437011903235_QR-V0.-FERMENTADO-EN-BARRICA-TDM.png\" alt=\"\" width=\"67\" height=\"67\" \/><\/p>\n","protected":false},"excerpt":{"rendered":"<p>Caja especial Blanco Fermentado en Barrica. Estuche de cart\u00f3n formado por:<\/p>\n<p><strong>3 botellas de Tierras de Murillo Blanco Fermentado en Barrica<\/strong>. Uvas procedentes de vi\u00f1edos muy viejos, donde se plantaban variedades tintas y blancas mezcladas, entresacamos las uvas blancas de Viura. El mosto es fermentado a temperatura controlada en barricas de 225 de roble franc\u00e9s. Seis meses de permanencia con sus l\u00edas y otros seis meses de reposo en dep\u00f3sito. Acaba su afinado con al menos un a\u00f1o de botella antes de salir al mercado.<\/p>\n<p><strong>Descorchador.<\/strong><\/p>\n<p>&nbsp;<\/p>\n","protected":false},"featured_media":13395,"comment_status":"open","ping_status":"closed","template":"","meta":[],"product_brand":[],"product_cat":[419],"product_tag":[486],"mwb_booking_cost":[],"mwb_booking_service":[],"class_list":{"0":"post-13415","1":"product","2":"type-product","3":"status-publish","4":"has-post-thumbnail","6":"product_cat-varietales-maduros","7":"product_tag-varietales-maduros","9":"first","10":"instock","11":"purchasable","12":"product-type-simple"},"yoast_head":"<!-- This site is optimized with the Yoast SEO plugin v27.1.1 - https:\/\/yoast.com\/product\/yoast-seo-wordpress\/ -->\n<title>Caja Especial Blanco Fermentado en barrica + Descorchador de regalo | Bodegas Tierras De Murillo<\/title>\n<meta name=\"robots\" content=\"index, follow, max-snippet:-1, max-image-preview:large, max-video-preview:-1\" \/>\n<link rel=\"canonical\" href=\"https:\/\/www.bodegassanesteban.com\/producto\/caja-especial-blanco-fermentado-en-barrica\/\" \/>\n<meta property=\"og:locale\" content=\"en_US\" \/>\n<meta property=\"og:type\" content=\"article\" \/>\n<meta property=\"og:title\" content=\"Caja Especial Blanco Fermentado en barrica + Descorchador de regalo | Bodegas Tierras De Murillo\" \/>\n<meta property=\"og:description\" content=\"Caja especial Blanco Fermentado en Barrica. Estuche de cart\u00f3n formado por:  3 botellas de Tierras de Murillo Blanco Fermentado en Barrica. Uvas procedentes de vi\u00f1edos muy viejos, donde se plantaban variedades tintas y blancas mezcladas, entresacamos las uvas blancas de Viura. El mosto es fermentado a temperatura controlada en barricas de 225 de roble franc\u00e9s. Seis meses de permanencia con sus l\u00edas y otros seis meses de reposo en dep\u00f3sito. Acaba su afinado con al menos un a\u00f1o de botella antes de salir al mercado.  Descorchador.  &nbsp;\" \/>\n<meta property=\"og:url\" content=\"https:\/\/www.bodegassanesteban.com\/producto\/caja-especial-blanco-fermentado-en-barrica\/\" \/>\n<meta property=\"og:site_name\" content=\"Bodegas Tierras De Murillo\" \/>\n<meta property=\"article:publisher\" content=\"https:\/\/www.facebook.com\/BodegasTierrasDeMurillo\/\" \/>\n<meta property=\"article:modified_time\" content=\"2025-06-04T09:01:14+00:00\" \/>\n<meta property=\"og:image\" content=\"https:\/\/www.bodegassanesteban.com\/wp-content\/uploads\/2022\/12\/caja-3-blanco-FB.jpg\" \/>\n\t<meta property=\"og:image:width\" content=\"1000\" \/>\n\t<meta property=\"og:image:height\" content=\"1123\" \/>\n\t<meta property=\"og:image:type\" content=\"image\/jpeg\" \/>\n<meta name=\"twitter:card\" content=\"summary_large_image\" \/>\n<meta name=\"twitter:label1\" content=\"Est. reading time\" \/>\n\t<meta name=\"twitter:data1\" content=\"1 minute\" \/>\n<script type=\"application\/ld+json\" class=\"yoast-schema-graph\">{\"@context\":\"https:\/\/schema.org\",\"@graph\":[{\"@type\":\"WebPage\",\"@id\":\"https:\/\/www.bodegassanesteban.com\/producto\/caja-especial-blanco-fermentado-en-barrica\/\",\"url\":\"https:\/\/www.bodegassanesteban.com\/producto\/caja-especial-blanco-fermentado-en-barrica\/\",\"name\":\"Caja Especial Blanco Fermentado en barrica + Descorchador de regalo | Bodegas Tierras De Murillo\",\"isPartOf\":{\"@id\":\"https:\/\/www.bodegassanesteban.com\/#website\"},\"primaryImageOfPage\":{\"@id\":\"https:\/\/www.bodegassanesteban.com\/producto\/caja-especial-blanco-fermentado-en-barrica\/#primaryimage\"},\"image\":{\"@id\":\"https:\/\/www.bodegassanesteban.com\/producto\/caja-especial-blanco-fermentado-en-barrica\/#primaryimage\"},\"thumbnailUrl\":\"https:\/\/www.bodegassanesteban.com\/wp-content\/uploads\/2022\/12\/caja-3-blanco-FB.jpg\",\"datePublished\":\"2022-12-07T09:23:44+00:00\",\"dateModified\":\"2025-06-04T09:01:14+00:00\",\"breadcrumb\":{\"@id\":\"https:\/\/www.bodegassanesteban.com\/producto\/caja-especial-blanco-fermentado-en-barrica\/#breadcrumb\"},\"inLanguage\":\"en-US\",\"potentialAction\":[{\"@type\":\"ReadAction\",\"target\":[\"https:\/\/www.bodegassanesteban.com\/producto\/caja-especial-blanco-fermentado-en-barrica\/\"]}]},{\"@type\":\"ImageObject\",\"inLanguage\":\"en-US\",\"@id\":\"https:\/\/www.bodegassanesteban.com\/producto\/caja-especial-blanco-fermentado-en-barrica\/#primaryimage\",\"url\":\"https:\/\/www.bodegassanesteban.com\/wp-content\/uploads\/2022\/12\/caja-3-blanco-FB.jpg\",\"contentUrl\":\"https:\/\/www.bodegassanesteban.com\/wp-content\/uploads\/2022\/12\/caja-3-blanco-FB.jpg\",\"width\":1000,\"height\":1123,\"caption\":\"Blanco Fermentado en Barrica | vinos para regalar\"},{\"@type\":\"BreadcrumbList\",\"@id\":\"https:\/\/www.bodegassanesteban.com\/producto\/caja-especial-blanco-fermentado-en-barrica\/#breadcrumb\",\"itemListElement\":[{\"@type\":\"ListItem\",\"position\":1,\"name\":\"Portada\",\"item\":\"https:\/\/www.bodegassanesteban.com\/en\/\"},{\"@type\":\"ListItem\",\"position\":2,\"name\":\"Tienda y Experiencias\",\"item\":\"https:\/\/www.bodegassanesteban.com\/tienda\/\"},{\"@type\":\"ListItem\",\"position\":3,\"name\":\"Caja Especial Blanco Fermentado en barrica + Descorchador de regalo\"}]},{\"@type\":\"WebSite\",\"@id\":\"https:\/\/www.bodegassanesteban.com\/#website\",\"url\":\"https:\/\/www.bodegassanesteban.com\/\",\"name\":\"Bodegas San Esteban\",\"description\":\"Vinos De Rioja\",\"publisher\":{\"@id\":\"https:\/\/www.bodegassanesteban.com\/#organization\"},\"potentialAction\":[{\"@type\":\"SearchAction\",\"target\":{\"@type\":\"EntryPoint\",\"urlTemplate\":\"https:\/\/www.bodegassanesteban.com\/?s={search_term_string}\"},\"query-input\":{\"@type\":\"PropertyValueSpecification\",\"valueRequired\":true,\"valueName\":\"search_term_string\"}}],\"inLanguage\":\"en-US\"},{\"@type\":\"Organization\",\"@id\":\"https:\/\/www.bodegassanesteban.com\/#organization\",\"name\":\"Bodegas San Esteban\",\"url\":\"https:\/\/www.bodegassanesteban.com\/\",\"logo\":{\"@type\":\"ImageObject\",\"inLanguage\":\"en-US\",\"@id\":\"https:\/\/www.bodegassanesteban.com\/#\/schema\/logo\/image\/\",\"url\":\"https:\/\/www.bodegassanesteban.com\/wp-content\/uploads\/2024\/11\/logo-woo.png\",\"contentUrl\":\"https:\/\/www.bodegassanesteban.com\/wp-content\/uploads\/2024\/11\/logo-woo.png\",\"width\":400,\"height\":203,\"caption\":\"Bodegas San Esteban\"},\"image\":{\"@id\":\"https:\/\/www.bodegassanesteban.com\/#\/schema\/logo\/image\/\"},\"sameAs\":[\"https:\/\/www.facebook.com\/BodegasTierrasDeMurillo\/\"]}]}<\/script>\n<!-- \/ Yoast SEO plugin. -->","yoast_head_json":{"title":"Caja Especial Blanco Fermentado en barrica + Descorchador de regalo | Bodegas Tierras De Murillo","robots":{"index":"index","follow":"follow","max-snippet":"max-snippet:-1","max-image-preview":"max-image-preview:large","max-video-preview":"max-video-preview:-1"},"canonical":"https:\/\/www.bodegassanesteban.com\/producto\/caja-especial-blanco-fermentado-en-barrica\/","og_locale":"en_US","og_type":"article","og_title":"Caja Especial Blanco Fermentado en barrica + Descorchador de regalo | Bodegas Tierras De Murillo","og_description":"Caja especial Blanco Fermentado en Barrica. Estuche de cart\u00f3n formado por:  3 botellas de Tierras de Murillo Blanco Fermentado en Barrica. Uvas procedentes de vi\u00f1edos muy viejos, donde se plantaban variedades tintas y blancas mezcladas, entresacamos las uvas blancas de Viura. El mosto es fermentado a temperatura controlada en barricas de 225 de roble franc\u00e9s. Seis meses de permanencia con sus l\u00edas y otros seis meses de reposo en dep\u00f3sito. Acaba su afinado con al menos un a\u00f1o de botella antes de salir al mercado.  Descorchador.  &nbsp;","og_url":"https:\/\/www.bodegassanesteban.com\/producto\/caja-especial-blanco-fermentado-en-barrica\/","og_site_name":"Bodegas Tierras De Murillo","article_publisher":"https:\/\/www.facebook.com\/BodegasTierrasDeMurillo\/","article_modified_time":"2025-06-04T09:01:14+00:00","og_image":[{"width":1000,"height":1123,"url":"https:\/\/www.bodegassanesteban.com\/wp-content\/uploads\/2022\/12\/caja-3-blanco-FB.jpg","type":"image\/jpeg"}],"twitter_card":"summary_large_image","twitter_misc":{"Est. reading time":"1 minute"},"schema":{"@context":"https:\/\/schema.org","@graph":[{"@type":"WebPage","@id":"https:\/\/www.bodegassanesteban.com\/producto\/caja-especial-blanco-fermentado-en-barrica\/","url":"https:\/\/www.bodegassanesteban.com\/producto\/caja-especial-blanco-fermentado-en-barrica\/","name":"Caja Especial Blanco Fermentado en barrica + Descorchador de regalo | Bodegas Tierras De Murillo","isPartOf":{"@id":"https:\/\/www.bodegassanesteban.com\/#website"},"primaryImageOfPage":{"@id":"https:\/\/www.bodegassanesteban.com\/producto\/caja-especial-blanco-fermentado-en-barrica\/#primaryimage"},"image":{"@id":"https:\/\/www.bodegassanesteban.com\/producto\/caja-especial-blanco-fermentado-en-barrica\/#primaryimage"},"thumbnailUrl":"https:\/\/www.bodegassanesteban.com\/wp-content\/uploads\/2022\/12\/caja-3-blanco-FB.jpg","datePublished":"2022-12-07T09:23:44+00:00","dateModified":"2025-06-04T09:01:14+00:00","breadcrumb":{"@id":"https:\/\/www.bodegassanesteban.com\/producto\/caja-especial-blanco-fermentado-en-barrica\/#breadcrumb"},"inLanguage":"en-US","potentialAction":[{"@type":"ReadAction","target":["https:\/\/www.bodegassanesteban.com\/producto\/caja-especial-blanco-fermentado-en-barrica\/"]}]},{"@type":"ImageObject","inLanguage":"en-US","@id":"https:\/\/www.bodegassanesteban.com\/producto\/caja-especial-blanco-fermentado-en-barrica\/#primaryimage","url":"https:\/\/www.bodegassanesteban.com\/wp-content\/uploads\/2022\/12\/caja-3-blanco-FB.jpg","contentUrl":"https:\/\/www.bodegassanesteban.com\/wp-content\/uploads\/2022\/12\/caja-3-blanco-FB.jpg","width":1000,"height":1123,"caption":"Blanco Fermentado en Barrica | vinos para regalar"},{"@type":"BreadcrumbList","@id":"https:\/\/www.bodegassanesteban.com\/producto\/caja-especial-blanco-fermentado-en-barrica\/#breadcrumb","itemListElement":[{"@type":"ListItem","position":1,"name":"Portada","item":"https:\/\/www.bodegassanesteban.com\/en\/"},{"@type":"ListItem","position":2,"name":"Tienda y Experiencias","item":"https:\/\/www.bodegassanesteban.com\/tienda\/"},{"@type":"ListItem","position":3,"name":"Caja Especial Blanco Fermentado en barrica + Descorchador de regalo"}]},{"@type":"WebSite","@id":"https:\/\/www.bodegassanesteban.com\/#website","url":"https:\/\/www.bodegassanesteban.com\/","name":"Bodegas San Esteban","description":"Vinos De Rioja","publisher":{"@id":"https:\/\/www.bodegassanesteban.com\/#organization"},"potentialAction":[{"@type":"SearchAction","target":{"@type":"EntryPoint","urlTemplate":"https:\/\/www.bodegassanesteban.com\/?s={search_term_string}"},"query-input":{"@type":"PropertyValueSpecification","valueRequired":true,"valueName":"search_term_string"}}],"inLanguage":"en-US"},{"@type":"Organization","@id":"https:\/\/www.bodegassanesteban.com\/#organization","name":"Bodegas San Esteban","url":"https:\/\/www.bodegassanesteban.com\/","logo":{"@type":"ImageObject","inLanguage":"en-US","@id":"https:\/\/www.bodegassanesteban.com\/#\/schema\/logo\/image\/","url":"https:\/\/www.bodegassanesteban.com\/wp-content\/uploads\/2024\/11\/logo-woo.png","contentUrl":"https:\/\/www.bodegassanesteban.com\/wp-content\/uploads\/2024\/11\/logo-woo.png","width":400,"height":203,"caption":"Bodegas San Esteban"},"image":{"@id":"https:\/\/www.bodegassanesteban.com\/#\/schema\/logo\/image\/"},"sameAs":["https:\/\/www.facebook.com\/BodegasTierrasDeMurillo\/"]}]}},"jetpack_sharing_enabled":true,"_links":{"self":[{"href":"https:\/\/www.bodegassanesteban.com\/en\/wp-json\/wp\/v2\/product\/13415","targetHints":{"allow":["GET"]}}],"collection":[{"href":"https:\/\/www.bodegassanesteban.com\/en\/wp-json\/wp\/v2\/product"}],"about":[{"href":"https:\/\/www.bodegassanesteban.com\/en\/wp-json\/wp\/v2\/types\/product"}],"replies":[{"embeddable":true,"href":"https:\/\/www.bodegassanesteban.com\/en\/wp-json\/wp\/v2\/comments?post=13415"}],"wp:featuredmedia":[{"embeddable":true,"href":"https:\/\/www.bodegassanesteban.com\/en\/wp-json\/wp\/v2\/media\/13395"}],"wp:attachment":[{"href":"https:\/\/www.bodegassanesteban.com\/en\/wp-json\/wp\/v2\/media?parent=13415"}],"wp:term":[{"taxonomy":"product_brand","embeddable":true,"href":"https:\/\/www.bodegassanesteban.com\/en\/wp-json\/wp\/v2\/product_brand?post=13415"},{"taxonomy":"product_cat","embeddable":true,"href":"https:\/\/www.bodegassanesteban.com\/en\/wp-json\/wp\/v2\/product_cat?post=13415"},{"taxonomy":"product_tag","embeddable":true,"href":"https:\/\/www.bodegassanesteban.com\/en\/wp-json\/wp\/v2\/product_tag?post=13415"},{"taxonomy":"mwb_booking_cost","embeddable":true,"href":"https:\/\/www.bodegassanesteban.com\/en\/wp-json\/wp\/v2\/mwb_booking_cost?post=13415"},{"taxonomy":"mwb_booking_service","embeddable":true,"href":"https:\/\/www.bodegassanesteban.com\/en\/wp-json\/wp\/v2\/mwb_booking_service?post=13415"}],"curies":[{"name":"wp","href":"https:\/\/api.w.org\/{rel}","templated":true}]}}