{"id":13794,"date":"2023-11-30T09:30:24","date_gmt":"2023-11-30T08:30:24","guid":{"rendered":"http:\/\/www.bodegassanesteban.com\/?post_type=product&#038;p=13794"},"modified":"2025-06-04T11:54:29","modified_gmt":"2025-06-04T09:54:29","slug":"caja-especial-para-regalar-descorchador-de-regalo","status":"publish","type":"product","link":"https:\/\/www.bodegassanesteban.com\/en\/producto\/caja-especial-para-regalar-descorchador-de-regalo\/","title":{"rendered":"Pack degustaci\u00f3n Tierras de murillo + Descorchador de regalo"},"content":{"rendered":"<p>Nuevo pack degustaci\u00f3n Tierras de murillo.<\/p>\n<p>&nbsp;<\/p>\n<p>&#8211; 2 botellas de Tierras de Murillo Blanco.<\/p>\n<p>&#8211; 1 botella de Tierras de Murillo Rosado.<\/p>\n<p>&#8211; 2 botellas de Tierras de Murillo Crianza.<\/p>\n<p>&#8211; 1 botella de Tierras de Murillo Tinto.<\/p>\n<p>&nbsp;<\/p>\n<p class=\"eltdf-tab-title\">-INGREDIENTES E INFORMACI\u00d3N NUTRICIONAL:<\/p>\n<p><img loading=\"lazy\" decoding=\"async\" class=\"wp-image-14503 alignleft\" src=\"https:\/\/www.bodegassanesteban.com\/wp-content\/uploads\/2025\/06\/08437011903143_QR-V1.-BLANCO-TDM.jpg\" alt=\"\" width=\"67\" height=\"67\" \/> <img loading=\"lazy\" decoding=\"async\" class=\"wp-image-14503 alignleft\" src=\"https:\/\/www.bodegassanesteban.com\/wp-content\/uploads\/2025\/06\/08437011903037-V0-ROSADO-TDM.jpg\" alt=\"\" width=\"67\" height=\"67\" \/> <img loading=\"lazy\" decoding=\"async\" class=\"wp-image-14503 alignleft\" src=\"https:\/\/www.bodegassanesteban.com\/wp-content\/uploads\/2025\/06\/08437011903044_V1_QR.-CRIANZA-TDM-13.5.jpg\" alt=\"\" width=\"67\" height=\"67\" \/> <img loading=\"lazy\" decoding=\"async\" class=\"wp-image-14503 alignleft\" src=\"https:\/\/www.bodegassanesteban.com\/wp-content\/uploads\/2025\/06\/08437011903013_QR-V0.-TINTO-J-TDM.png\" alt=\"\" width=\"67\" height=\"67\" \/><\/p>\n","protected":false},"excerpt":{"rendered":"<p>Nuevo Pack degustaci\u00f3n de <strong>6 botellas de Tierras de Murillo<\/strong>. Estuche de cart\u00f3n formado por:<\/p>\n<p>&nbsp;<\/p>\n<p>&#8211; 2 botellas de Tierras de Murillo Blanco.<\/p>\n<p>&#8211; 1 botella de Tierras de Murillo Rosado.<\/p>\n<p>&#8211; 2 botellas de Tierras de Murillo Crianza.<\/p>\n<p>&#8211; 1 botella de Tierras de Murillo Tinto.<\/p>\n<p><strong>Descorchador.<\/strong><\/p>\n<p>&nbsp;<\/p>\n","protected":false},"featured_media":14465,"comment_status":"open","ping_status":"closed","template":"","meta":[],"product_brand":[],"product_cat":[422,424,423,425,419],"product_tag":[489,485],"mwb_booking_cost":[],"mwb_booking_service":[],"class_list":{"0":"post-13794","1":"product","2":"type-product","3":"status-publish","4":"has-post-thumbnail","6":"product_cat-blanco","7":"product_cat-crianza","8":"product_cat-rosado","9":"product_cat-tinto","10":"product_cat-varietales-maduros","11":"product_tag-vino-crianza","12":"product_tag-vinos-jovenes","14":"first","15":"instock","16":"purchasable","17":"product-type-simple"},"yoast_head":"<!-- This site is optimized with the Yoast SEO plugin v27.1.1 - https:\/\/yoast.com\/product\/yoast-seo-wordpress\/ -->\n<title>Pack degustaci\u00f3n Tierras de murillo + Descorchador de regalo | Bodegas Tierras De Murillo<\/title>\n<meta name=\"robots\" content=\"index, follow, max-snippet:-1, max-image-preview:large, max-video-preview:-1\" \/>\n<link rel=\"canonical\" href=\"https:\/\/www.bodegassanesteban.com\/producto\/caja-especial-para-regalar-descorchador-de-regalo\/\" \/>\n<meta property=\"og:locale\" content=\"en_US\" \/>\n<meta property=\"og:type\" content=\"article\" \/>\n<meta property=\"og:title\" content=\"Pack degustaci\u00f3n Tierras de murillo + Descorchador de regalo | Bodegas Tierras De Murillo\" \/>\n<meta property=\"og:description\" content=\"Nuevo Pack degustaci\u00f3n de 6 botellas de Tierras de Murillo. Estuche de cart\u00f3n formado por:  &nbsp;  - 2 botellas de Tierras de Murillo Blanco.  - 1 botella de Tierras de Murillo Rosado.  - 2 botellas de Tierras de Murillo Crianza.  - 1 botella de Tierras de Murillo Tinto.  Descorchador.  &nbsp;\" \/>\n<meta property=\"og:url\" content=\"https:\/\/www.bodegassanesteban.com\/producto\/caja-especial-para-regalar-descorchador-de-regalo\/\" \/>\n<meta property=\"og:site_name\" content=\"Bodegas Tierras De Murillo\" \/>\n<meta property=\"article:publisher\" content=\"https:\/\/www.facebook.com\/BodegasTierrasDeMurillo\/\" \/>\n<meta property=\"article:modified_time\" content=\"2025-06-04T09:54:29+00:00\" \/>\n<meta property=\"og:image\" content=\"https:\/\/www.bodegassanesteban.com\/wp-content\/uploads\/2023\/11\/caja-de-6-1.jpg\" \/>\n\t<meta property=\"og:image:width\" content=\"1000\" \/>\n\t<meta property=\"og:image:height\" content=\"1123\" \/>\n\t<meta property=\"og:image:type\" content=\"image\/jpeg\" \/>\n<meta name=\"twitter:card\" content=\"summary_large_image\" \/>\n<meta name=\"twitter:label1\" content=\"Est. reading time\" \/>\n\t<meta name=\"twitter:data1\" content=\"1 minute\" \/>\n<script type=\"application\/ld+json\" class=\"yoast-schema-graph\">{\"@context\":\"https:\/\/schema.org\",\"@graph\":[{\"@type\":\"WebPage\",\"@id\":\"https:\/\/www.bodegassanesteban.com\/producto\/caja-especial-para-regalar-descorchador-de-regalo\/\",\"url\":\"https:\/\/www.bodegassanesteban.com\/producto\/caja-especial-para-regalar-descorchador-de-regalo\/\",\"name\":\"Pack degustaci\u00f3n Tierras de murillo + Descorchador de regalo | Bodegas Tierras De Murillo\",\"isPartOf\":{\"@id\":\"https:\/\/www.bodegassanesteban.com\/#website\"},\"primaryImageOfPage\":{\"@id\":\"https:\/\/www.bodegassanesteban.com\/producto\/caja-especial-para-regalar-descorchador-de-regalo\/#primaryimage\"},\"image\":{\"@id\":\"https:\/\/www.bodegassanesteban.com\/producto\/caja-especial-para-regalar-descorchador-de-regalo\/#primaryimage\"},\"thumbnailUrl\":\"https:\/\/www.bodegassanesteban.com\/wp-content\/uploads\/2023\/11\/caja-de-6-1.jpg\",\"datePublished\":\"2023-11-30T08:30:24+00:00\",\"dateModified\":\"2025-06-04T09:54:29+00:00\",\"breadcrumb\":{\"@id\":\"https:\/\/www.bodegassanesteban.com\/producto\/caja-especial-para-regalar-descorchador-de-regalo\/#breadcrumb\"},\"inLanguage\":\"en-US\",\"potentialAction\":[{\"@type\":\"ReadAction\",\"target\":[\"https:\/\/www.bodegassanesteban.com\/producto\/caja-especial-para-regalar-descorchador-de-regalo\/\"]}]},{\"@type\":\"ImageObject\",\"inLanguage\":\"en-US\",\"@id\":\"https:\/\/www.bodegassanesteban.com\/producto\/caja-especial-para-regalar-descorchador-de-regalo\/#primaryimage\",\"url\":\"https:\/\/www.bodegassanesteban.com\/wp-content\/uploads\/2023\/11\/caja-de-6-1.jpg\",\"contentUrl\":\"https:\/\/www.bodegassanesteban.com\/wp-content\/uploads\/2023\/11\/caja-de-6-1.jpg\",\"width\":1000,\"height\":1123},{\"@type\":\"BreadcrumbList\",\"@id\":\"https:\/\/www.bodegassanesteban.com\/producto\/caja-especial-para-regalar-descorchador-de-regalo\/#breadcrumb\",\"itemListElement\":[{\"@type\":\"ListItem\",\"position\":1,\"name\":\"Portada\",\"item\":\"https:\/\/www.bodegassanesteban.com\/en\/\"},{\"@type\":\"ListItem\",\"position\":2,\"name\":\"Tienda y Experiencias\",\"item\":\"https:\/\/www.bodegassanesteban.com\/tienda\/\"},{\"@type\":\"ListItem\",\"position\":3,\"name\":\"Pack degustaci\u00f3n Tierras de murillo + Descorchador de regalo\"}]},{\"@type\":\"WebSite\",\"@id\":\"https:\/\/www.bodegassanesteban.com\/#website\",\"url\":\"https:\/\/www.bodegassanesteban.com\/\",\"name\":\"Bodegas San Esteban\",\"description\":\"Vinos De Rioja\",\"publisher\":{\"@id\":\"https:\/\/www.bodegassanesteban.com\/#organization\"},\"potentialAction\":[{\"@type\":\"SearchAction\",\"target\":{\"@type\":\"EntryPoint\",\"urlTemplate\":\"https:\/\/www.bodegassanesteban.com\/?s={search_term_string}\"},\"query-input\":{\"@type\":\"PropertyValueSpecification\",\"valueRequired\":true,\"valueName\":\"search_term_string\"}}],\"inLanguage\":\"en-US\"},{\"@type\":\"Organization\",\"@id\":\"https:\/\/www.bodegassanesteban.com\/#organization\",\"name\":\"Bodegas San Esteban\",\"url\":\"https:\/\/www.bodegassanesteban.com\/\",\"logo\":{\"@type\":\"ImageObject\",\"inLanguage\":\"en-US\",\"@id\":\"https:\/\/www.bodegassanesteban.com\/#\/schema\/logo\/image\/\",\"url\":\"https:\/\/www.bodegassanesteban.com\/wp-content\/uploads\/2024\/11\/logo-woo.png\",\"contentUrl\":\"https:\/\/www.bodegassanesteban.com\/wp-content\/uploads\/2024\/11\/logo-woo.png\",\"width\":400,\"height\":203,\"caption\":\"Bodegas San Esteban\"},\"image\":{\"@id\":\"https:\/\/www.bodegassanesteban.com\/#\/schema\/logo\/image\/\"},\"sameAs\":[\"https:\/\/www.facebook.com\/BodegasTierrasDeMurillo\/\"]}]}<\/script>\n<!-- \/ Yoast SEO plugin. -->","yoast_head_json":{"title":"Pack degustaci\u00f3n Tierras de murillo + Descorchador de regalo | Bodegas Tierras De Murillo","robots":{"index":"index","follow":"follow","max-snippet":"max-snippet:-1","max-image-preview":"max-image-preview:large","max-video-preview":"max-video-preview:-1"},"canonical":"https:\/\/www.bodegassanesteban.com\/producto\/caja-especial-para-regalar-descorchador-de-regalo\/","og_locale":"en_US","og_type":"article","og_title":"Pack degustaci\u00f3n Tierras de murillo + Descorchador de regalo | Bodegas Tierras De Murillo","og_description":"Nuevo Pack degustaci\u00f3n de 6 botellas de Tierras de Murillo. Estuche de cart\u00f3n formado por:  &nbsp;  - 2 botellas de Tierras de Murillo Blanco.  - 1 botella de Tierras de Murillo Rosado.  - 2 botellas de Tierras de Murillo Crianza.  - 1 botella de Tierras de Murillo Tinto.  Descorchador.  &nbsp;","og_url":"https:\/\/www.bodegassanesteban.com\/producto\/caja-especial-para-regalar-descorchador-de-regalo\/","og_site_name":"Bodegas Tierras De Murillo","article_publisher":"https:\/\/www.facebook.com\/BodegasTierrasDeMurillo\/","article_modified_time":"2025-06-04T09:54:29+00:00","og_image":[{"width":1000,"height":1123,"url":"https:\/\/www.bodegassanesteban.com\/wp-content\/uploads\/2023\/11\/caja-de-6-1.jpg","type":"image\/jpeg"}],"twitter_card":"summary_large_image","twitter_misc":{"Est. reading time":"1 minute"},"schema":{"@context":"https:\/\/schema.org","@graph":[{"@type":"WebPage","@id":"https:\/\/www.bodegassanesteban.com\/producto\/caja-especial-para-regalar-descorchador-de-regalo\/","url":"https:\/\/www.bodegassanesteban.com\/producto\/caja-especial-para-regalar-descorchador-de-regalo\/","name":"Pack degustaci\u00f3n Tierras de murillo + Descorchador de regalo | Bodegas Tierras De Murillo","isPartOf":{"@id":"https:\/\/www.bodegassanesteban.com\/#website"},"primaryImageOfPage":{"@id":"https:\/\/www.bodegassanesteban.com\/producto\/caja-especial-para-regalar-descorchador-de-regalo\/#primaryimage"},"image":{"@id":"https:\/\/www.bodegassanesteban.com\/producto\/caja-especial-para-regalar-descorchador-de-regalo\/#primaryimage"},"thumbnailUrl":"https:\/\/www.bodegassanesteban.com\/wp-content\/uploads\/2023\/11\/caja-de-6-1.jpg","datePublished":"2023-11-30T08:30:24+00:00","dateModified":"2025-06-04T09:54:29+00:00","breadcrumb":{"@id":"https:\/\/www.bodegassanesteban.com\/producto\/caja-especial-para-regalar-descorchador-de-regalo\/#breadcrumb"},"inLanguage":"en-US","potentialAction":[{"@type":"ReadAction","target":["https:\/\/www.bodegassanesteban.com\/producto\/caja-especial-para-regalar-descorchador-de-regalo\/"]}]},{"@type":"ImageObject","inLanguage":"en-US","@id":"https:\/\/www.bodegassanesteban.com\/producto\/caja-especial-para-regalar-descorchador-de-regalo\/#primaryimage","url":"https:\/\/www.bodegassanesteban.com\/wp-content\/uploads\/2023\/11\/caja-de-6-1.jpg","contentUrl":"https:\/\/www.bodegassanesteban.com\/wp-content\/uploads\/2023\/11\/caja-de-6-1.jpg","width":1000,"height":1123},{"@type":"BreadcrumbList","@id":"https:\/\/www.bodegassanesteban.com\/producto\/caja-especial-para-regalar-descorchador-de-regalo\/#breadcrumb","itemListElement":[{"@type":"ListItem","position":1,"name":"Portada","item":"https:\/\/www.bodegassanesteban.com\/en\/"},{"@type":"ListItem","position":2,"name":"Tienda y Experiencias","item":"https:\/\/www.bodegassanesteban.com\/tienda\/"},{"@type":"ListItem","position":3,"name":"Pack degustaci\u00f3n Tierras de murillo + Descorchador de regalo"}]},{"@type":"WebSite","@id":"https:\/\/www.bodegassanesteban.com\/#website","url":"https:\/\/www.bodegassanesteban.com\/","name":"Bodegas San Esteban","description":"Vinos De Rioja","publisher":{"@id":"https:\/\/www.bodegassanesteban.com\/#organization"},"potentialAction":[{"@type":"SearchAction","target":{"@type":"EntryPoint","urlTemplate":"https:\/\/www.bodegassanesteban.com\/?s={search_term_string}"},"query-input":{"@type":"PropertyValueSpecification","valueRequired":true,"valueName":"search_term_string"}}],"inLanguage":"en-US"},{"@type":"Organization","@id":"https:\/\/www.bodegassanesteban.com\/#organization","name":"Bodegas San Esteban","url":"https:\/\/www.bodegassanesteban.com\/","logo":{"@type":"ImageObject","inLanguage":"en-US","@id":"https:\/\/www.bodegassanesteban.com\/#\/schema\/logo\/image\/","url":"https:\/\/www.bodegassanesteban.com\/wp-content\/uploads\/2024\/11\/logo-woo.png","contentUrl":"https:\/\/www.bodegassanesteban.com\/wp-content\/uploads\/2024\/11\/logo-woo.png","width":400,"height":203,"caption":"Bodegas San Esteban"},"image":{"@id":"https:\/\/www.bodegassanesteban.com\/#\/schema\/logo\/image\/"},"sameAs":["https:\/\/www.facebook.com\/BodegasTierrasDeMurillo\/"]}]}},"jetpack_sharing_enabled":true,"_links":{"self":[{"href":"https:\/\/www.bodegassanesteban.com\/en\/wp-json\/wp\/v2\/product\/13794","targetHints":{"allow":["GET"]}}],"collection":[{"href":"https:\/\/www.bodegassanesteban.com\/en\/wp-json\/wp\/v2\/product"}],"about":[{"href":"https:\/\/www.bodegassanesteban.com\/en\/wp-json\/wp\/v2\/types\/product"}],"replies":[{"embeddable":true,"href":"https:\/\/www.bodegassanesteban.com\/en\/wp-json\/wp\/v2\/comments?post=13794"}],"wp:featuredmedia":[{"embeddable":true,"href":"https:\/\/www.bodegassanesteban.com\/en\/wp-json\/wp\/v2\/media\/14465"}],"wp:attachment":[{"href":"https:\/\/www.bodegassanesteban.com\/en\/wp-json\/wp\/v2\/media?parent=13794"}],"wp:term":[{"taxonomy":"product_brand","embeddable":true,"href":"https:\/\/www.bodegassanesteban.com\/en\/wp-json\/wp\/v2\/product_brand?post=13794"},{"taxonomy":"product_cat","embeddable":true,"href":"https:\/\/www.bodegassanesteban.com\/en\/wp-json\/wp\/v2\/product_cat?post=13794"},{"taxonomy":"product_tag","embeddable":true,"href":"https:\/\/www.bodegassanesteban.com\/en\/wp-json\/wp\/v2\/product_tag?post=13794"},{"taxonomy":"mwb_booking_cost","embeddable":true,"href":"https:\/\/www.bodegassanesteban.com\/en\/wp-json\/wp\/v2\/mwb_booking_cost?post=13794"},{"taxonomy":"mwb_booking_service","embeddable":true,"href":"https:\/\/www.bodegassanesteban.com\/en\/wp-json\/wp\/v2\/mwb_booking_service?post=13794"}],"curies":[{"name":"wp","href":"https:\/\/api.w.org\/{rel}","templated":true}]}}