{"id":14056,"date":"2024-03-08T13:47:09","date_gmt":"2024-03-08T12:47:09","guid":{"rendered":"https:\/\/www.bodegassanesteban.com\/?post_type=product&#038;p=14056"},"modified":"2024-06-17T10:42:33","modified_gmt":"2024-06-17T08:42:33","slug":"visita-conoce-la-zona-y-el-vinedo-visita-la-bodega-y-cata-4-vinos","status":"publish","type":"product","link":"https:\/\/www.bodegassanesteban.com\/en\/producto\/visita-conoce-la-zona-y-el-vinedo-visita-la-bodega-y-cata-4-vinos\/","title":{"rendered":"VISITA"},"content":{"rendered":"<p>Nuestra experiencia comienza en el * Mirador La Cobacha * donde confluyen los r\u00edos Jubera y Leza, \u00e9ste \u00faltimo es el que da nombre a nuestro pueblo (Murillo de R\u00edo Leza). Veremos el valle y visitaremos in situ los vi\u00f1edos. \u00a0Bajaremos por el barrio de las bodegas hasta nuestras instalaciones para visitar la antigua bodega, las nuevas instalaciones, la sala de elaboraci\u00f3n y la sala de barricas. Terminaremos con una cata de 4 vinos (1 de ellos elegido por nuestros visitantes) y un peque\u00f1o \u00e1gape con productos t\u00edpicos de la zona.<\/p>\n<p>*Al vi\u00f1edo se sube y baja en los coches propios. Se visitar\u00e1 siempre que el tiempo lo haga posible.<\/p>\n<p>Nuestras visitas se realizan de Lunes a S\u00e1bado bajo cita previa con un m\u00ednimo de 6 personas.<\/p>\n<p>Duraci\u00f3n: 2h. &#8211; 2,5h.<\/p>\n<p>Cont\u00e1ctanos para hacer tu reserva y si tienes dudas cons\u00faltanos.<\/p>\n<p>Tambi\u00e9n organizamos visitas para grupos (m\u00ednimo 10 personas) con opci\u00f3n a comida.<\/p>\n<p>&nbsp;<\/p>\n","protected":false},"excerpt":{"rendered":"<p>CONOCE LA ZONA Y EL VI\u00d1EDO, VISITA LA BODEGA Y CATA 4 VINOS<\/p>\n","protected":false},"featured_media":14105,"comment_status":"open","ping_status":"closed","template":"","meta":[],"product_brand":[],"product_cat":[502],"product_tag":[],"mwb_booking_cost":[],"mwb_booking_service":[],"class_list":{"0":"post-14056","1":"product","2":"type-product","3":"status-publish","4":"has-post-thumbnail","6":"product_cat-enoturismo","7":"product_shipping_class-nogastoenvio","9":"first","10":"instock","11":"virtual","12":"taxable","13":"purchasable","14":"product-type-simple"},"yoast_head":"<!-- This site is optimized with the Yoast SEO plugin v27.1.1 - https:\/\/yoast.com\/product\/yoast-seo-wordpress\/ -->\n<title>VISITA | Bodegas Tierras De Murillo<\/title>\n<meta name=\"robots\" content=\"index, follow, max-snippet:-1, max-image-preview:large, max-video-preview:-1\" \/>\n<link rel=\"canonical\" href=\"https:\/\/www.bodegassanesteban.com\/en\/producto\/visita-conoce-la-zona-y-el-vinedo-visita-la-bodega-y-cata-4-vinos\/\" \/>\n<meta property=\"og:locale\" content=\"en_US\" \/>\n<meta property=\"og:type\" content=\"article\" \/>\n<meta property=\"og:title\" content=\"VISITA | Bodegas Tierras De Murillo\" \/>\n<meta property=\"og:description\" content=\"CONOCE LA ZONA Y EL VI\u00d1EDO, VISITA LA BODEGA Y CATA 4 VINOS\" \/>\n<meta property=\"og:url\" content=\"https:\/\/www.bodegassanesteban.com\/en\/producto\/visita-conoce-la-zona-y-el-vinedo-visita-la-bodega-y-cata-4-vinos\/\" \/>\n<meta property=\"og:site_name\" content=\"Bodegas Tierras De Murillo\" \/>\n<meta property=\"article:publisher\" content=\"https:\/\/www.facebook.com\/BodegasTierrasDeMurillo\/\" \/>\n<meta property=\"article:modified_time\" content=\"2024-06-17T08:42:33+00:00\" \/>\n<meta property=\"og:image\" content=\"https:\/\/www.bodegassanesteban.com\/wp-content\/uploads\/2024\/03\/foto-visitas-web-1.jpg\" \/>\n\t<meta property=\"og:image:width\" content=\"768\" \/>\n\t<meta property=\"og:image:height\" content=\"862\" \/>\n\t<meta property=\"og:image:type\" content=\"image\/jpeg\" \/>\n<meta name=\"twitter:card\" content=\"summary_large_image\" \/>\n<meta name=\"twitter:label1\" content=\"Est. reading time\" \/>\n\t<meta name=\"twitter:data1\" content=\"1 minute\" \/>\n<script type=\"application\/ld+json\" class=\"yoast-schema-graph\">{\"@context\":\"https:\/\/schema.org\",\"@graph\":[{\"@type\":\"WebPage\",\"@id\":\"https:\/\/www.bodegassanesteban.com\/en\/producto\/visita-conoce-la-zona-y-el-vinedo-visita-la-bodega-y-cata-4-vinos\/\",\"url\":\"https:\/\/www.bodegassanesteban.com\/en\/producto\/visita-conoce-la-zona-y-el-vinedo-visita-la-bodega-y-cata-4-vinos\/\",\"name\":\"VISITA | Bodegas Tierras De Murillo\",\"isPartOf\":{\"@id\":\"https:\/\/www.bodegassanesteban.com\/#website\"},\"primaryImageOfPage\":{\"@id\":\"https:\/\/www.bodegassanesteban.com\/en\/producto\/visita-conoce-la-zona-y-el-vinedo-visita-la-bodega-y-cata-4-vinos\/#primaryimage\"},\"image\":{\"@id\":\"https:\/\/www.bodegassanesteban.com\/en\/producto\/visita-conoce-la-zona-y-el-vinedo-visita-la-bodega-y-cata-4-vinos\/#primaryimage\"},\"thumbnailUrl\":\"https:\/\/www.bodegassanesteban.com\/wp-content\/uploads\/2024\/03\/foto-visitas-web-1.jpg\",\"datePublished\":\"2024-03-08T12:47:09+00:00\",\"dateModified\":\"2024-06-17T08:42:33+00:00\",\"breadcrumb\":{\"@id\":\"https:\/\/www.bodegassanesteban.com\/en\/producto\/visita-conoce-la-zona-y-el-vinedo-visita-la-bodega-y-cata-4-vinos\/#breadcrumb\"},\"inLanguage\":\"en-US\",\"potentialAction\":[{\"@type\":\"ReadAction\",\"target\":[\"https:\/\/www.bodegassanesteban.com\/en\/producto\/visita-conoce-la-zona-y-el-vinedo-visita-la-bodega-y-cata-4-vinos\/\"]}]},{\"@type\":\"ImageObject\",\"inLanguage\":\"en-US\",\"@id\":\"https:\/\/www.bodegassanesteban.com\/en\/producto\/visita-conoce-la-zona-y-el-vinedo-visita-la-bodega-y-cata-4-vinos\/#primaryimage\",\"url\":\"https:\/\/www.bodegassanesteban.com\/wp-content\/uploads\/2024\/03\/foto-visitas-web-1.jpg\",\"contentUrl\":\"https:\/\/www.bodegassanesteban.com\/wp-content\/uploads\/2024\/03\/foto-visitas-web-1.jpg\",\"width\":768,\"height\":862},{\"@type\":\"BreadcrumbList\",\"@id\":\"https:\/\/www.bodegassanesteban.com\/en\/producto\/visita-conoce-la-zona-y-el-vinedo-visita-la-bodega-y-cata-4-vinos\/#breadcrumb\",\"itemListElement\":[{\"@type\":\"ListItem\",\"position\":1,\"name\":\"Portada\",\"item\":\"https:\/\/www.bodegassanesteban.com\/en\/\"},{\"@type\":\"ListItem\",\"position\":2,\"name\":\"Tienda y Experiencias\",\"item\":\"https:\/\/www.bodegassanesteban.com\/tienda\/\"},{\"@type\":\"ListItem\",\"position\":3,\"name\":\"VISITA\"}]},{\"@type\":\"WebSite\",\"@id\":\"https:\/\/www.bodegassanesteban.com\/#website\",\"url\":\"https:\/\/www.bodegassanesteban.com\/\",\"name\":\"Bodegas San Esteban\",\"description\":\"Vinos De Rioja\",\"publisher\":{\"@id\":\"https:\/\/www.bodegassanesteban.com\/#organization\"},\"potentialAction\":[{\"@type\":\"SearchAction\",\"target\":{\"@type\":\"EntryPoint\",\"urlTemplate\":\"https:\/\/www.bodegassanesteban.com\/?s={search_term_string}\"},\"query-input\":{\"@type\":\"PropertyValueSpecification\",\"valueRequired\":true,\"valueName\":\"search_term_string\"}}],\"inLanguage\":\"en-US\"},{\"@type\":\"Organization\",\"@id\":\"https:\/\/www.bodegassanesteban.com\/#organization\",\"name\":\"Bodegas San Esteban\",\"url\":\"https:\/\/www.bodegassanesteban.com\/\",\"logo\":{\"@type\":\"ImageObject\",\"inLanguage\":\"en-US\",\"@id\":\"https:\/\/www.bodegassanesteban.com\/#\/schema\/logo\/image\/\",\"url\":\"https:\/\/www.bodegassanesteban.com\/wp-content\/uploads\/2024\/11\/logo-woo.png\",\"contentUrl\":\"https:\/\/www.bodegassanesteban.com\/wp-content\/uploads\/2024\/11\/logo-woo.png\",\"width\":400,\"height\":203,\"caption\":\"Bodegas San Esteban\"},\"image\":{\"@id\":\"https:\/\/www.bodegassanesteban.com\/#\/schema\/logo\/image\/\"},\"sameAs\":[\"https:\/\/www.facebook.com\/BodegasTierrasDeMurillo\/\"]}]}<\/script>\n<!-- \/ Yoast SEO plugin. -->","yoast_head_json":{"title":"VISITA | Bodegas Tierras De Murillo","robots":{"index":"index","follow":"follow","max-snippet":"max-snippet:-1","max-image-preview":"max-image-preview:large","max-video-preview":"max-video-preview:-1"},"canonical":"https:\/\/www.bodegassanesteban.com\/en\/producto\/visita-conoce-la-zona-y-el-vinedo-visita-la-bodega-y-cata-4-vinos\/","og_locale":"en_US","og_type":"article","og_title":"VISITA | Bodegas Tierras De Murillo","og_description":"CONOCE LA ZONA Y EL VI\u00d1EDO, VISITA LA BODEGA Y CATA 4 VINOS","og_url":"https:\/\/www.bodegassanesteban.com\/en\/producto\/visita-conoce-la-zona-y-el-vinedo-visita-la-bodega-y-cata-4-vinos\/","og_site_name":"Bodegas Tierras De Murillo","article_publisher":"https:\/\/www.facebook.com\/BodegasTierrasDeMurillo\/","article_modified_time":"2024-06-17T08:42:33+00:00","og_image":[{"width":768,"height":862,"url":"https:\/\/www.bodegassanesteban.com\/wp-content\/uploads\/2024\/03\/foto-visitas-web-1.jpg","type":"image\/jpeg"}],"twitter_card":"summary_large_image","twitter_misc":{"Est. reading time":"1 minute"},"schema":{"@context":"https:\/\/schema.org","@graph":[{"@type":"WebPage","@id":"https:\/\/www.bodegassanesteban.com\/en\/producto\/visita-conoce-la-zona-y-el-vinedo-visita-la-bodega-y-cata-4-vinos\/","url":"https:\/\/www.bodegassanesteban.com\/en\/producto\/visita-conoce-la-zona-y-el-vinedo-visita-la-bodega-y-cata-4-vinos\/","name":"VISITA | Bodegas Tierras De Murillo","isPartOf":{"@id":"https:\/\/www.bodegassanesteban.com\/#website"},"primaryImageOfPage":{"@id":"https:\/\/www.bodegassanesteban.com\/en\/producto\/visita-conoce-la-zona-y-el-vinedo-visita-la-bodega-y-cata-4-vinos\/#primaryimage"},"image":{"@id":"https:\/\/www.bodegassanesteban.com\/en\/producto\/visita-conoce-la-zona-y-el-vinedo-visita-la-bodega-y-cata-4-vinos\/#primaryimage"},"thumbnailUrl":"https:\/\/www.bodegassanesteban.com\/wp-content\/uploads\/2024\/03\/foto-visitas-web-1.jpg","datePublished":"2024-03-08T12:47:09+00:00","dateModified":"2024-06-17T08:42:33+00:00","breadcrumb":{"@id":"https:\/\/www.bodegassanesteban.com\/en\/producto\/visita-conoce-la-zona-y-el-vinedo-visita-la-bodega-y-cata-4-vinos\/#breadcrumb"},"inLanguage":"en-US","potentialAction":[{"@type":"ReadAction","target":["https:\/\/www.bodegassanesteban.com\/en\/producto\/visita-conoce-la-zona-y-el-vinedo-visita-la-bodega-y-cata-4-vinos\/"]}]},{"@type":"ImageObject","inLanguage":"en-US","@id":"https:\/\/www.bodegassanesteban.com\/en\/producto\/visita-conoce-la-zona-y-el-vinedo-visita-la-bodega-y-cata-4-vinos\/#primaryimage","url":"https:\/\/www.bodegassanesteban.com\/wp-content\/uploads\/2024\/03\/foto-visitas-web-1.jpg","contentUrl":"https:\/\/www.bodegassanesteban.com\/wp-content\/uploads\/2024\/03\/foto-visitas-web-1.jpg","width":768,"height":862},{"@type":"BreadcrumbList","@id":"https:\/\/www.bodegassanesteban.com\/en\/producto\/visita-conoce-la-zona-y-el-vinedo-visita-la-bodega-y-cata-4-vinos\/#breadcrumb","itemListElement":[{"@type":"ListItem","position":1,"name":"Portada","item":"https:\/\/www.bodegassanesteban.com\/en\/"},{"@type":"ListItem","position":2,"name":"Tienda y Experiencias","item":"https:\/\/www.bodegassanesteban.com\/tienda\/"},{"@type":"ListItem","position":3,"name":"VISITA"}]},{"@type":"WebSite","@id":"https:\/\/www.bodegassanesteban.com\/#website","url":"https:\/\/www.bodegassanesteban.com\/","name":"Bodegas San Esteban","description":"Vinos De Rioja","publisher":{"@id":"https:\/\/www.bodegassanesteban.com\/#organization"},"potentialAction":[{"@type":"SearchAction","target":{"@type":"EntryPoint","urlTemplate":"https:\/\/www.bodegassanesteban.com\/?s={search_term_string}"},"query-input":{"@type":"PropertyValueSpecification","valueRequired":true,"valueName":"search_term_string"}}],"inLanguage":"en-US"},{"@type":"Organization","@id":"https:\/\/www.bodegassanesteban.com\/#organization","name":"Bodegas San Esteban","url":"https:\/\/www.bodegassanesteban.com\/","logo":{"@type":"ImageObject","inLanguage":"en-US","@id":"https:\/\/www.bodegassanesteban.com\/#\/schema\/logo\/image\/","url":"https:\/\/www.bodegassanesteban.com\/wp-content\/uploads\/2024\/11\/logo-woo.png","contentUrl":"https:\/\/www.bodegassanesteban.com\/wp-content\/uploads\/2024\/11\/logo-woo.png","width":400,"height":203,"caption":"Bodegas San Esteban"},"image":{"@id":"https:\/\/www.bodegassanesteban.com\/#\/schema\/logo\/image\/"},"sameAs":["https:\/\/www.facebook.com\/BodegasTierrasDeMurillo\/"]}]}},"jetpack_sharing_enabled":true,"_links":{"self":[{"href":"https:\/\/www.bodegassanesteban.com\/en\/wp-json\/wp\/v2\/product\/14056","targetHints":{"allow":["GET"]}}],"collection":[{"href":"https:\/\/www.bodegassanesteban.com\/en\/wp-json\/wp\/v2\/product"}],"about":[{"href":"https:\/\/www.bodegassanesteban.com\/en\/wp-json\/wp\/v2\/types\/product"}],"replies":[{"embeddable":true,"href":"https:\/\/www.bodegassanesteban.com\/en\/wp-json\/wp\/v2\/comments?post=14056"}],"wp:featuredmedia":[{"embeddable":true,"href":"https:\/\/www.bodegassanesteban.com\/en\/wp-json\/wp\/v2\/media\/14105"}],"wp:attachment":[{"href":"https:\/\/www.bodegassanesteban.com\/en\/wp-json\/wp\/v2\/media?parent=14056"}],"wp:term":[{"taxonomy":"product_brand","embeddable":true,"href":"https:\/\/www.bodegassanesteban.com\/en\/wp-json\/wp\/v2\/product_brand?post=14056"},{"taxonomy":"product_cat","embeddable":true,"href":"https:\/\/www.bodegassanesteban.com\/en\/wp-json\/wp\/v2\/product_cat?post=14056"},{"taxonomy":"product_tag","embeddable":true,"href":"https:\/\/www.bodegassanesteban.com\/en\/wp-json\/wp\/v2\/product_tag?post=14056"},{"taxonomy":"mwb_booking_cost","embeddable":true,"href":"https:\/\/www.bodegassanesteban.com\/en\/wp-json\/wp\/v2\/mwb_booking_cost?post=14056"},{"taxonomy":"mwb_booking_service","embeddable":true,"href":"https:\/\/www.bodegassanesteban.com\/en\/wp-json\/wp\/v2\/mwb_booking_service?post=14056"}],"curies":[{"name":"wp","href":"https:\/\/api.w.org\/{rel}","templated":true}]}}