{"id":14555,"date":"2025-05-08T17:34:26","date_gmt":"2025-05-08T15:34:26","guid":{"rendered":"https:\/\/www.bodegassanesteban.com\/?post_type=product&#038;p=14555"},"modified":"2025-10-29T10:52:14","modified_gmt":"2025-10-29T09:52:14","slug":"onal-rosado-caja-6","status":"publish","type":"product","link":"https:\/\/www.bodegassanesteban.com\/en\/producto\/onal-rosado-caja-6\/","title":{"rendered":"O\u00d1AL Rosado Caja 6"},"content":{"rendered":"<p>Color rosa asalmonado. Aromas a fruta roja (fresa) y fruta de hueso (piel de melocot\u00f3n) muy bien ensambladas con notas de fondo ahumadas. Boca redonda y golosa.<br \/>\n<strong>Tiempo de consumo estimado:\u00a0<\/strong>12 meses<br \/>\n<strong>Temperatura de conservaci\u00f3n: <\/strong>12 \u00baC<br \/>\n<strong>Temperatura recomendada de consumo: <\/strong>8-9 \u00baC<\/p>\n<p>&nbsp;<\/p>\n<p class=\"eltdf-tab-title\">-INGREDIENTES E INFORMACI\u00d3N NUTRICIONAL:<\/p>\n<p><img loading=\"lazy\" decoding=\"async\" class=\"wp-image-14503 alignleft\" src=\"https:\/\/www.bodegassanesteban.com\/wp-content\/uploads\/2025\/06\/08437011903129_QR-V0.-ROSADO-ONAL.png\" alt=\"\" width=\"67\" height=\"67\" \/><\/p>\n","protected":false},"excerpt":{"rendered":"<p><strong>Elaboraci\u00f3n:<\/strong> Uva procedente de vi\u00f1edos cultivados en secano y vendimiadas la primera quincena de Octubre, una vez alcanzado el punto \u00f3ptimo de madurez. Elaborado por el m\u00e9todo de sangrado escogiendo s\u00f3lo la parte de mosto escurrida limpia y brillante. Fermentaci\u00f3n a temperatura controlada de 14\u00ba C durante 25 d\u00edas.<\/p>\n","protected":false},"featured_media":14556,"comment_status":"open","ping_status":"closed","template":"","meta":[],"product_brand":[],"product_cat":[503],"product_tag":[485],"mwb_booking_cost":[],"mwb_booking_service":[],"class_list":{"0":"post-14555","1":"product","2":"type-product","3":"status-publish","4":"has-post-thumbnail","6":"product_cat-onal","7":"product_tag-vinos-jovenes","8":"product_shipping_class-nogastoenvio","10":"first","11":"instock","12":"purchasable","13":"product-type-simple"},"yoast_head":"<!-- This site is optimized with the Yoast SEO plugin v27.1.1 - https:\/\/yoast.com\/product\/yoast-seo-wordpress\/ -->\n<title>O\u00d1AL Rosado Caja 6 | Bodegas Tierras De Murillo<\/title>\n<meta name=\"robots\" content=\"index, follow, max-snippet:-1, max-image-preview:large, max-video-preview:-1\" \/>\n<link rel=\"canonical\" href=\"https:\/\/www.bodegassanesteban.com\/producto\/onal-rosado-caja-6\/\" \/>\n<meta property=\"og:locale\" content=\"en_US\" \/>\n<meta property=\"og:type\" content=\"article\" \/>\n<meta property=\"og:title\" content=\"O\u00d1AL Rosado Caja 6 | Bodegas Tierras De Murillo\" \/>\n<meta property=\"og:description\" content=\"Elaboraci\u00f3n: Uva procedente de vi\u00f1edos cultivados en secano y vendimiadas la primera quincena de Octubre, una vez alcanzado el punto \u00f3ptimo de madurez. Elaborado por el m\u00e9todo de sangrado escogiendo s\u00f3lo la parte de mosto escurrida limpia y brillante. Fermentaci\u00f3n a temperatura controlada de 14\u00ba C durante 25 d\u00edas.\" \/>\n<meta property=\"og:url\" content=\"https:\/\/www.bodegassanesteban.com\/producto\/onal-rosado-caja-6\/\" \/>\n<meta property=\"og:site_name\" content=\"Bodegas Tierras De Murillo\" \/>\n<meta property=\"article:publisher\" content=\"https:\/\/www.facebook.com\/BodegasTierrasDeMurillo\/\" \/>\n<meta property=\"article:modified_time\" content=\"2025-10-29T09:52:14+00:00\" \/>\n<meta property=\"og:image\" content=\"https:\/\/www.bodegassanesteban.com\/wp-content\/uploads\/2025\/05\/2-comprar-vino-rosado-onal.webp\" \/>\n\t<meta property=\"og:image:width\" content=\"1000\" \/>\n\t<meta property=\"og:image:height\" content=\"1123\" \/>\n\t<meta property=\"og:image:type\" content=\"image\/webp\" \/>\n<meta name=\"twitter:card\" content=\"summary_large_image\" \/>\n<meta name=\"twitter:label1\" content=\"Est. reading time\" \/>\n\t<meta name=\"twitter:data1\" content=\"1 minute\" \/>\n<script type=\"application\/ld+json\" class=\"yoast-schema-graph\">{\"@context\":\"https:\/\/schema.org\",\"@graph\":[{\"@type\":\"WebPage\",\"@id\":\"https:\/\/www.bodegassanesteban.com\/producto\/onal-rosado-caja-6\/\",\"url\":\"https:\/\/www.bodegassanesteban.com\/producto\/onal-rosado-caja-6\/\",\"name\":\"O\u00d1AL Rosado Caja 6 | Bodegas Tierras De Murillo\",\"isPartOf\":{\"@id\":\"https:\/\/www.bodegassanesteban.com\/#website\"},\"primaryImageOfPage\":{\"@id\":\"https:\/\/www.bodegassanesteban.com\/producto\/onal-rosado-caja-6\/#primaryimage\"},\"image\":{\"@id\":\"https:\/\/www.bodegassanesteban.com\/producto\/onal-rosado-caja-6\/#primaryimage\"},\"thumbnailUrl\":\"https:\/\/www.bodegassanesteban.com\/wp-content\/uploads\/2025\/05\/2-comprar-vino-rosado-onal.webp\",\"datePublished\":\"2025-05-08T15:34:26+00:00\",\"dateModified\":\"2025-10-29T09:52:14+00:00\",\"breadcrumb\":{\"@id\":\"https:\/\/www.bodegassanesteban.com\/producto\/onal-rosado-caja-6\/#breadcrumb\"},\"inLanguage\":\"en-US\",\"potentialAction\":[{\"@type\":\"ReadAction\",\"target\":[\"https:\/\/www.bodegassanesteban.com\/producto\/onal-rosado-caja-6\/\"]}]},{\"@type\":\"ImageObject\",\"inLanguage\":\"en-US\",\"@id\":\"https:\/\/www.bodegassanesteban.com\/producto\/onal-rosado-caja-6\/#primaryimage\",\"url\":\"https:\/\/www.bodegassanesteban.com\/wp-content\/uploads\/2025\/05\/2-comprar-vino-rosado-onal.webp\",\"contentUrl\":\"https:\/\/www.bodegassanesteban.com\/wp-content\/uploads\/2025\/05\/2-comprar-vino-rosado-onal.webp\",\"width\":1000,\"height\":1123,\"caption\":\"2 - comprar vino rosado onal\"},{\"@type\":\"BreadcrumbList\",\"@id\":\"https:\/\/www.bodegassanesteban.com\/producto\/onal-rosado-caja-6\/#breadcrumb\",\"itemListElement\":[{\"@type\":\"ListItem\",\"position\":1,\"name\":\"Portada\",\"item\":\"https:\/\/www.bodegassanesteban.com\/en\/\"},{\"@type\":\"ListItem\",\"position\":2,\"name\":\"Tienda y Experiencias\",\"item\":\"https:\/\/www.bodegassanesteban.com\/tienda\/\"},{\"@type\":\"ListItem\",\"position\":3,\"name\":\"O\u00d1AL Rosado Caja 6\"}]},{\"@type\":\"WebSite\",\"@id\":\"https:\/\/www.bodegassanesteban.com\/#website\",\"url\":\"https:\/\/www.bodegassanesteban.com\/\",\"name\":\"Bodegas San Esteban\",\"description\":\"Vinos De Rioja\",\"publisher\":{\"@id\":\"https:\/\/www.bodegassanesteban.com\/#organization\"},\"potentialAction\":[{\"@type\":\"SearchAction\",\"target\":{\"@type\":\"EntryPoint\",\"urlTemplate\":\"https:\/\/www.bodegassanesteban.com\/?s={search_term_string}\"},\"query-input\":{\"@type\":\"PropertyValueSpecification\",\"valueRequired\":true,\"valueName\":\"search_term_string\"}}],\"inLanguage\":\"en-US\"},{\"@type\":\"Organization\",\"@id\":\"https:\/\/www.bodegassanesteban.com\/#organization\",\"name\":\"Bodegas San Esteban\",\"url\":\"https:\/\/www.bodegassanesteban.com\/\",\"logo\":{\"@type\":\"ImageObject\",\"inLanguage\":\"en-US\",\"@id\":\"https:\/\/www.bodegassanesteban.com\/#\/schema\/logo\/image\/\",\"url\":\"https:\/\/www.bodegassanesteban.com\/wp-content\/uploads\/2024\/11\/logo-woo.png\",\"contentUrl\":\"https:\/\/www.bodegassanesteban.com\/wp-content\/uploads\/2024\/11\/logo-woo.png\",\"width\":400,\"height\":203,\"caption\":\"Bodegas San Esteban\"},\"image\":{\"@id\":\"https:\/\/www.bodegassanesteban.com\/#\/schema\/logo\/image\/\"},\"sameAs\":[\"https:\/\/www.facebook.com\/BodegasTierrasDeMurillo\/\"]}]}<\/script>\n<!-- \/ Yoast SEO plugin. -->","yoast_head_json":{"title":"O\u00d1AL Rosado Caja 6 | Bodegas Tierras De Murillo","robots":{"index":"index","follow":"follow","max-snippet":"max-snippet:-1","max-image-preview":"max-image-preview:large","max-video-preview":"max-video-preview:-1"},"canonical":"https:\/\/www.bodegassanesteban.com\/producto\/onal-rosado-caja-6\/","og_locale":"en_US","og_type":"article","og_title":"O\u00d1AL Rosado Caja 6 | Bodegas Tierras De Murillo","og_description":"Elaboraci\u00f3n: Uva procedente de vi\u00f1edos cultivados en secano y vendimiadas la primera quincena de Octubre, una vez alcanzado el punto \u00f3ptimo de madurez. Elaborado por el m\u00e9todo de sangrado escogiendo s\u00f3lo la parte de mosto escurrida limpia y brillante. Fermentaci\u00f3n a temperatura controlada de 14\u00ba C durante 25 d\u00edas.","og_url":"https:\/\/www.bodegassanesteban.com\/producto\/onal-rosado-caja-6\/","og_site_name":"Bodegas Tierras De Murillo","article_publisher":"https:\/\/www.facebook.com\/BodegasTierrasDeMurillo\/","article_modified_time":"2025-10-29T09:52:14+00:00","og_image":[{"width":1000,"height":1123,"url":"https:\/\/www.bodegassanesteban.com\/wp-content\/uploads\/2025\/05\/2-comprar-vino-rosado-onal.webp","type":"image\/webp"}],"twitter_card":"summary_large_image","twitter_misc":{"Est. reading time":"1 minute"},"schema":{"@context":"https:\/\/schema.org","@graph":[{"@type":"WebPage","@id":"https:\/\/www.bodegassanesteban.com\/producto\/onal-rosado-caja-6\/","url":"https:\/\/www.bodegassanesteban.com\/producto\/onal-rosado-caja-6\/","name":"O\u00d1AL Rosado Caja 6 | Bodegas Tierras De Murillo","isPartOf":{"@id":"https:\/\/www.bodegassanesteban.com\/#website"},"primaryImageOfPage":{"@id":"https:\/\/www.bodegassanesteban.com\/producto\/onal-rosado-caja-6\/#primaryimage"},"image":{"@id":"https:\/\/www.bodegassanesteban.com\/producto\/onal-rosado-caja-6\/#primaryimage"},"thumbnailUrl":"https:\/\/www.bodegassanesteban.com\/wp-content\/uploads\/2025\/05\/2-comprar-vino-rosado-onal.webp","datePublished":"2025-05-08T15:34:26+00:00","dateModified":"2025-10-29T09:52:14+00:00","breadcrumb":{"@id":"https:\/\/www.bodegassanesteban.com\/producto\/onal-rosado-caja-6\/#breadcrumb"},"inLanguage":"en-US","potentialAction":[{"@type":"ReadAction","target":["https:\/\/www.bodegassanesteban.com\/producto\/onal-rosado-caja-6\/"]}]},{"@type":"ImageObject","inLanguage":"en-US","@id":"https:\/\/www.bodegassanesteban.com\/producto\/onal-rosado-caja-6\/#primaryimage","url":"https:\/\/www.bodegassanesteban.com\/wp-content\/uploads\/2025\/05\/2-comprar-vino-rosado-onal.webp","contentUrl":"https:\/\/www.bodegassanesteban.com\/wp-content\/uploads\/2025\/05\/2-comprar-vino-rosado-onal.webp","width":1000,"height":1123,"caption":"2 - comprar vino rosado onal"},{"@type":"BreadcrumbList","@id":"https:\/\/www.bodegassanesteban.com\/producto\/onal-rosado-caja-6\/#breadcrumb","itemListElement":[{"@type":"ListItem","position":1,"name":"Portada","item":"https:\/\/www.bodegassanesteban.com\/en\/"},{"@type":"ListItem","position":2,"name":"Tienda y Experiencias","item":"https:\/\/www.bodegassanesteban.com\/tienda\/"},{"@type":"ListItem","position":3,"name":"O\u00d1AL Rosado Caja 6"}]},{"@type":"WebSite","@id":"https:\/\/www.bodegassanesteban.com\/#website","url":"https:\/\/www.bodegassanesteban.com\/","name":"Bodegas San Esteban","description":"Vinos De Rioja","publisher":{"@id":"https:\/\/www.bodegassanesteban.com\/#organization"},"potentialAction":[{"@type":"SearchAction","target":{"@type":"EntryPoint","urlTemplate":"https:\/\/www.bodegassanesteban.com\/?s={search_term_string}"},"query-input":{"@type":"PropertyValueSpecification","valueRequired":true,"valueName":"search_term_string"}}],"inLanguage":"en-US"},{"@type":"Organization","@id":"https:\/\/www.bodegassanesteban.com\/#organization","name":"Bodegas San Esteban","url":"https:\/\/www.bodegassanesteban.com\/","logo":{"@type":"ImageObject","inLanguage":"en-US","@id":"https:\/\/www.bodegassanesteban.com\/#\/schema\/logo\/image\/","url":"https:\/\/www.bodegassanesteban.com\/wp-content\/uploads\/2024\/11\/logo-woo.png","contentUrl":"https:\/\/www.bodegassanesteban.com\/wp-content\/uploads\/2024\/11\/logo-woo.png","width":400,"height":203,"caption":"Bodegas San Esteban"},"image":{"@id":"https:\/\/www.bodegassanesteban.com\/#\/schema\/logo\/image\/"},"sameAs":["https:\/\/www.facebook.com\/BodegasTierrasDeMurillo\/"]}]}},"jetpack_sharing_enabled":true,"_links":{"self":[{"href":"https:\/\/www.bodegassanesteban.com\/en\/wp-json\/wp\/v2\/product\/14555","targetHints":{"allow":["GET"]}}],"collection":[{"href":"https:\/\/www.bodegassanesteban.com\/en\/wp-json\/wp\/v2\/product"}],"about":[{"href":"https:\/\/www.bodegassanesteban.com\/en\/wp-json\/wp\/v2\/types\/product"}],"replies":[{"embeddable":true,"href":"https:\/\/www.bodegassanesteban.com\/en\/wp-json\/wp\/v2\/comments?post=14555"}],"wp:featuredmedia":[{"embeddable":true,"href":"https:\/\/www.bodegassanesteban.com\/en\/wp-json\/wp\/v2\/media\/14556"}],"wp:attachment":[{"href":"https:\/\/www.bodegassanesteban.com\/en\/wp-json\/wp\/v2\/media?parent=14555"}],"wp:term":[{"taxonomy":"product_brand","embeddable":true,"href":"https:\/\/www.bodegassanesteban.com\/en\/wp-json\/wp\/v2\/product_brand?post=14555"},{"taxonomy":"product_cat","embeddable":true,"href":"https:\/\/www.bodegassanesteban.com\/en\/wp-json\/wp\/v2\/product_cat?post=14555"},{"taxonomy":"product_tag","embeddable":true,"href":"https:\/\/www.bodegassanesteban.com\/en\/wp-json\/wp\/v2\/product_tag?post=14555"},{"taxonomy":"mwb_booking_cost","embeddable":true,"href":"https:\/\/www.bodegassanesteban.com\/en\/wp-json\/wp\/v2\/mwb_booking_cost?post=14555"},{"taxonomy":"mwb_booking_service","embeddable":true,"href":"https:\/\/www.bodegassanesteban.com\/en\/wp-json\/wp\/v2\/mwb_booking_service?post=14555"}],"curies":[{"name":"wp","href":"https:\/\/api.w.org\/{rel}","templated":true}]}}