{"id":14981,"date":"2026-04-10T10:45:07","date_gmt":"2026-04-10T08:45:07","guid":{"rendered":"https:\/\/www.bodegassanesteban.com\/?post_type=product&#038;p=14981"},"modified":"2026-04-10T11:07:54","modified_gmt":"2026-04-10T09:07:54","slug":"garnacha-rose","status":"publish","type":"product","link":"https:\/\/www.bodegassanesteban.com\/en\/producto\/garnacha-rose\/","title":{"rendered":"Garnacha Ros\u00e9"},"content":{"rendered":"<p>Tierras de Murillo Garnacha Ros\u00e9 . Vino elaborado a partir de vi\u00f1edos de altura con uvas 100% de variedad Garnacha, recogidas frescas y prensadas de forma directa para capturar solo lo mas puro y delicado de su esencia, rosado ligero de graduaci\u00f3n moderada, que recupera el car\u00e1cter mas fresco y alegre de nuestra garnacha.<\/p>\n<p class=\"eltdf-tab-title\">-INGREDIENTES E INFORMACI\u00d3N NUTRICIONAL:<\/p>\n<p><img loading=\"lazy\" decoding=\"async\" class=\"wp-image-14503 alignleft\" src=\"https:\/\/www.bodegassanesteban.com\/wp-content\/uploads\/2025\/06\/08437011903389_QR-V0.-GARNACHA-TDM.png\" alt=\"\" width=\"67\" height=\"67\" \/><\/p>\n","protected":false},"excerpt":{"rendered":"<p>Si quieres <strong>comprar vino ros\u00e9 online al mejor precio <\/strong>aqu\u00ed tienes nuestra botella Tierras de Murillo Garnacha Ros\u00e9 75 cl .<\/p>\n<p><strong>Tierras de Murillo Garnacha<\/strong> <strong>Ros\u00e9<\/strong> es tu elecci\u00f3n, cuando quieras descubrir vinos con personalidad y p\u00e1lida delicadeza, donde la variedad se expresa de forma \u00fanica, diferente, sin filtros. \u00a1\u00a1\u00a1Salud!!!<\/p>\n<p>&nbsp;<\/p>\n","protected":false},"featured_media":14984,"comment_status":"open","ping_status":"closed","template":"","meta":[],"product_brand":[],"product_cat":[467,419],"product_tag":[486],"mwb_booking_cost":[],"mwb_booking_service":[],"class_list":{"0":"post-14981","1":"product","2":"type-product","3":"status-publish","4":"has-post-thumbnail","6":"product_cat-garnacha","7":"product_cat-varietales-maduros","8":"product_tag-varietales-maduros","10":"first","11":"instock","12":"purchasable","13":"product-type-simple"},"yoast_head":"<!-- This site is optimized with the Yoast SEO plugin v27.1.1 - https:\/\/yoast.com\/product\/yoast-seo-wordpress\/ -->\n<title>Garnacha Ros\u00e9 | Bodegas Tierras De Murillo<\/title>\n<meta name=\"robots\" content=\"index, follow, max-snippet:-1, max-image-preview:large, max-video-preview:-1\" \/>\n<link rel=\"canonical\" href=\"https:\/\/www.bodegassanesteban.com\/producto\/garnacha-rose\/\" \/>\n<meta property=\"og:locale\" content=\"en_US\" \/>\n<meta property=\"og:type\" content=\"article\" \/>\n<meta property=\"og:title\" content=\"Garnacha Ros\u00e9 | Bodegas Tierras De Murillo\" \/>\n<meta property=\"og:description\" content=\"Si quieres comprar vino ros\u00e9 online al mejor precio aqu\u00ed tienes nuestra botella Tierras de Murillo Garnacha Ros\u00e9 75 cl .  Tierras de Murillo Garnacha Ros\u00e9 es tu elecci\u00f3n, cuando quieras descubrir vinos con personalidad y p\u00e1lida delicadeza, donde la variedad se expresa de forma \u00fanica, diferente, sin filtros. \u00a1\u00a1\u00a1Salud!!!  &nbsp;\" \/>\n<meta property=\"og:url\" content=\"https:\/\/www.bodegassanesteban.com\/producto\/garnacha-rose\/\" \/>\n<meta property=\"og:site_name\" content=\"Bodegas Tierras De Murillo\" \/>\n<meta property=\"article:publisher\" content=\"https:\/\/www.facebook.com\/BodegasTierrasDeMurillo\/\" \/>\n<meta property=\"article:modified_time\" content=\"2026-04-10T09:07:54+00:00\" \/>\n<meta property=\"og:image\" content=\"https:\/\/www.bodegassanesteban.com\/wp-content\/uploads\/2026\/04\/Doc1_page-0001-1.jpg\" \/>\n\t<meta property=\"og:image:width\" content=\"1240\" \/>\n\t<meta property=\"og:image:height\" content=\"1755\" \/>\n\t<meta property=\"og:image:type\" content=\"image\/jpeg\" \/>\n<meta name=\"twitter:card\" content=\"summary_large_image\" \/>\n<meta name=\"twitter:label1\" content=\"Est. reading time\" \/>\n\t<meta name=\"twitter:data1\" content=\"1 minute\" \/>\n<script type=\"application\/ld+json\" class=\"yoast-schema-graph\">{\"@context\":\"https:\/\/schema.org\",\"@graph\":[{\"@type\":\"WebPage\",\"@id\":\"https:\/\/www.bodegassanesteban.com\/producto\/garnacha-rose\/\",\"url\":\"https:\/\/www.bodegassanesteban.com\/producto\/garnacha-rose\/\",\"name\":\"Garnacha Ros\u00e9 | Bodegas Tierras De Murillo\",\"isPartOf\":{\"@id\":\"https:\/\/www.bodegassanesteban.com\/#website\"},\"primaryImageOfPage\":{\"@id\":\"https:\/\/www.bodegassanesteban.com\/producto\/garnacha-rose\/#primaryimage\"},\"image\":{\"@id\":\"https:\/\/www.bodegassanesteban.com\/producto\/garnacha-rose\/#primaryimage\"},\"thumbnailUrl\":\"https:\/\/www.bodegassanesteban.com\/wp-content\/uploads\/2026\/04\/Doc1_page-0001-1.jpg\",\"datePublished\":\"2026-04-10T08:45:07+00:00\",\"dateModified\":\"2026-04-10T09:07:54+00:00\",\"breadcrumb\":{\"@id\":\"https:\/\/www.bodegassanesteban.com\/producto\/garnacha-rose\/#breadcrumb\"},\"inLanguage\":\"en-US\",\"potentialAction\":[{\"@type\":\"ReadAction\",\"target\":[\"https:\/\/www.bodegassanesteban.com\/producto\/garnacha-rose\/\"]}]},{\"@type\":\"ImageObject\",\"inLanguage\":\"en-US\",\"@id\":\"https:\/\/www.bodegassanesteban.com\/producto\/garnacha-rose\/#primaryimage\",\"url\":\"https:\/\/www.bodegassanesteban.com\/wp-content\/uploads\/2026\/04\/Doc1_page-0001-1.jpg\",\"contentUrl\":\"https:\/\/www.bodegassanesteban.com\/wp-content\/uploads\/2026\/04\/Doc1_page-0001-1.jpg\",\"width\":1240,\"height\":1755},{\"@type\":\"BreadcrumbList\",\"@id\":\"https:\/\/www.bodegassanesteban.com\/producto\/garnacha-rose\/#breadcrumb\",\"itemListElement\":[{\"@type\":\"ListItem\",\"position\":1,\"name\":\"Portada\",\"item\":\"https:\/\/www.bodegassanesteban.com\/en\/\"},{\"@type\":\"ListItem\",\"position\":2,\"name\":\"Tienda y Experiencias\",\"item\":\"https:\/\/www.bodegassanesteban.com\/tienda\/\"},{\"@type\":\"ListItem\",\"position\":3,\"name\":\"Garnacha Ros\u00e9\"}]},{\"@type\":\"WebSite\",\"@id\":\"https:\/\/www.bodegassanesteban.com\/#website\",\"url\":\"https:\/\/www.bodegassanesteban.com\/\",\"name\":\"Bodegas San Esteban\",\"description\":\"Vinos De Rioja\",\"publisher\":{\"@id\":\"https:\/\/www.bodegassanesteban.com\/#organization\"},\"potentialAction\":[{\"@type\":\"SearchAction\",\"target\":{\"@type\":\"EntryPoint\",\"urlTemplate\":\"https:\/\/www.bodegassanesteban.com\/?s={search_term_string}\"},\"query-input\":{\"@type\":\"PropertyValueSpecification\",\"valueRequired\":true,\"valueName\":\"search_term_string\"}}],\"inLanguage\":\"en-US\"},{\"@type\":\"Organization\",\"@id\":\"https:\/\/www.bodegassanesteban.com\/#organization\",\"name\":\"Bodegas San Esteban\",\"url\":\"https:\/\/www.bodegassanesteban.com\/\",\"logo\":{\"@type\":\"ImageObject\",\"inLanguage\":\"en-US\",\"@id\":\"https:\/\/www.bodegassanesteban.com\/#\/schema\/logo\/image\/\",\"url\":\"https:\/\/www.bodegassanesteban.com\/wp-content\/uploads\/2024\/11\/logo-woo.png\",\"contentUrl\":\"https:\/\/www.bodegassanesteban.com\/wp-content\/uploads\/2024\/11\/logo-woo.png\",\"width\":400,\"height\":203,\"caption\":\"Bodegas San Esteban\"},\"image\":{\"@id\":\"https:\/\/www.bodegassanesteban.com\/#\/schema\/logo\/image\/\"},\"sameAs\":[\"https:\/\/www.facebook.com\/BodegasTierrasDeMurillo\/\"]}]}<\/script>\n<!-- \/ Yoast SEO plugin. -->","yoast_head_json":{"title":"Garnacha Ros\u00e9 | Bodegas Tierras De Murillo","robots":{"index":"index","follow":"follow","max-snippet":"max-snippet:-1","max-image-preview":"max-image-preview:large","max-video-preview":"max-video-preview:-1"},"canonical":"https:\/\/www.bodegassanesteban.com\/producto\/garnacha-rose\/","og_locale":"en_US","og_type":"article","og_title":"Garnacha Ros\u00e9 | Bodegas Tierras De Murillo","og_description":"Si quieres comprar vino ros\u00e9 online al mejor precio aqu\u00ed tienes nuestra botella Tierras de Murillo Garnacha Ros\u00e9 75 cl .  Tierras de Murillo Garnacha Ros\u00e9 es tu elecci\u00f3n, cuando quieras descubrir vinos con personalidad y p\u00e1lida delicadeza, donde la variedad se expresa de forma \u00fanica, diferente, sin filtros. \u00a1\u00a1\u00a1Salud!!!  &nbsp;","og_url":"https:\/\/www.bodegassanesteban.com\/producto\/garnacha-rose\/","og_site_name":"Bodegas Tierras De Murillo","article_publisher":"https:\/\/www.facebook.com\/BodegasTierrasDeMurillo\/","article_modified_time":"2026-04-10T09:07:54+00:00","og_image":[{"width":1240,"height":1755,"url":"https:\/\/www.bodegassanesteban.com\/wp-content\/uploads\/2026\/04\/Doc1_page-0001-1.jpg","type":"image\/jpeg"}],"twitter_card":"summary_large_image","twitter_misc":{"Est. reading time":"1 minute"},"schema":{"@context":"https:\/\/schema.org","@graph":[{"@type":"WebPage","@id":"https:\/\/www.bodegassanesteban.com\/producto\/garnacha-rose\/","url":"https:\/\/www.bodegassanesteban.com\/producto\/garnacha-rose\/","name":"Garnacha Ros\u00e9 | Bodegas Tierras De Murillo","isPartOf":{"@id":"https:\/\/www.bodegassanesteban.com\/#website"},"primaryImageOfPage":{"@id":"https:\/\/www.bodegassanesteban.com\/producto\/garnacha-rose\/#primaryimage"},"image":{"@id":"https:\/\/www.bodegassanesteban.com\/producto\/garnacha-rose\/#primaryimage"},"thumbnailUrl":"https:\/\/www.bodegassanesteban.com\/wp-content\/uploads\/2026\/04\/Doc1_page-0001-1.jpg","datePublished":"2026-04-10T08:45:07+00:00","dateModified":"2026-04-10T09:07:54+00:00","breadcrumb":{"@id":"https:\/\/www.bodegassanesteban.com\/producto\/garnacha-rose\/#breadcrumb"},"inLanguage":"en-US","potentialAction":[{"@type":"ReadAction","target":["https:\/\/www.bodegassanesteban.com\/producto\/garnacha-rose\/"]}]},{"@type":"ImageObject","inLanguage":"en-US","@id":"https:\/\/www.bodegassanesteban.com\/producto\/garnacha-rose\/#primaryimage","url":"https:\/\/www.bodegassanesteban.com\/wp-content\/uploads\/2026\/04\/Doc1_page-0001-1.jpg","contentUrl":"https:\/\/www.bodegassanesteban.com\/wp-content\/uploads\/2026\/04\/Doc1_page-0001-1.jpg","width":1240,"height":1755},{"@type":"BreadcrumbList","@id":"https:\/\/www.bodegassanesteban.com\/producto\/garnacha-rose\/#breadcrumb","itemListElement":[{"@type":"ListItem","position":1,"name":"Portada","item":"https:\/\/www.bodegassanesteban.com\/en\/"},{"@type":"ListItem","position":2,"name":"Tienda y Experiencias","item":"https:\/\/www.bodegassanesteban.com\/tienda\/"},{"@type":"ListItem","position":3,"name":"Garnacha Ros\u00e9"}]},{"@type":"WebSite","@id":"https:\/\/www.bodegassanesteban.com\/#website","url":"https:\/\/www.bodegassanesteban.com\/","name":"Bodegas San Esteban","description":"Vinos De Rioja","publisher":{"@id":"https:\/\/www.bodegassanesteban.com\/#organization"},"potentialAction":[{"@type":"SearchAction","target":{"@type":"EntryPoint","urlTemplate":"https:\/\/www.bodegassanesteban.com\/?s={search_term_string}"},"query-input":{"@type":"PropertyValueSpecification","valueRequired":true,"valueName":"search_term_string"}}],"inLanguage":"en-US"},{"@type":"Organization","@id":"https:\/\/www.bodegassanesteban.com\/#organization","name":"Bodegas San Esteban","url":"https:\/\/www.bodegassanesteban.com\/","logo":{"@type":"ImageObject","inLanguage":"en-US","@id":"https:\/\/www.bodegassanesteban.com\/#\/schema\/logo\/image\/","url":"https:\/\/www.bodegassanesteban.com\/wp-content\/uploads\/2024\/11\/logo-woo.png","contentUrl":"https:\/\/www.bodegassanesteban.com\/wp-content\/uploads\/2024\/11\/logo-woo.png","width":400,"height":203,"caption":"Bodegas San Esteban"},"image":{"@id":"https:\/\/www.bodegassanesteban.com\/#\/schema\/logo\/image\/"},"sameAs":["https:\/\/www.facebook.com\/BodegasTierrasDeMurillo\/"]}]}},"jetpack_sharing_enabled":true,"_links":{"self":[{"href":"https:\/\/www.bodegassanesteban.com\/en\/wp-json\/wp\/v2\/product\/14981","targetHints":{"allow":["GET"]}}],"collection":[{"href":"https:\/\/www.bodegassanesteban.com\/en\/wp-json\/wp\/v2\/product"}],"about":[{"href":"https:\/\/www.bodegassanesteban.com\/en\/wp-json\/wp\/v2\/types\/product"}],"replies":[{"embeddable":true,"href":"https:\/\/www.bodegassanesteban.com\/en\/wp-json\/wp\/v2\/comments?post=14981"}],"wp:featuredmedia":[{"embeddable":true,"href":"https:\/\/www.bodegassanesteban.com\/en\/wp-json\/wp\/v2\/media\/14984"}],"wp:attachment":[{"href":"https:\/\/www.bodegassanesteban.com\/en\/wp-json\/wp\/v2\/media?parent=14981"}],"wp:term":[{"taxonomy":"product_brand","embeddable":true,"href":"https:\/\/www.bodegassanesteban.com\/en\/wp-json\/wp\/v2\/product_brand?post=14981"},{"taxonomy":"product_cat","embeddable":true,"href":"https:\/\/www.bodegassanesteban.com\/en\/wp-json\/wp\/v2\/product_cat?post=14981"},{"taxonomy":"product_tag","embeddable":true,"href":"https:\/\/www.bodegassanesteban.com\/en\/wp-json\/wp\/v2\/product_tag?post=14981"},{"taxonomy":"mwb_booking_cost","embeddable":true,"href":"https:\/\/www.bodegassanesteban.com\/en\/wp-json\/wp\/v2\/mwb_booking_cost?post=14981"},{"taxonomy":"mwb_booking_service","embeddable":true,"href":"https:\/\/www.bodegassanesteban.com\/en\/wp-json\/wp\/v2\/mwb_booking_service?post=14981"}],"curies":[{"name":"wp","href":"https:\/\/api.w.org\/{rel}","templated":true}]}}